{"id":2104,"date":"2018-08-10T13:23:23","date_gmt":"2018-08-10T11:23:23","guid":{"rendered":"https:\/\/www.fare.lu\/?page_id=2104"},"modified":"2023-09-14T00:04:22","modified_gmt":"2023-09-13T22:04:22","slug":"contact","status":"publish","type":"page","link":"https:\/\/fare.cuco.dev\/de\/contact\/","title":{"rendered":"Kontaktieren Sie uns"},"content":{"rendered":"<div class=\"wpb-content-wrapper\"><p><\/p>\n<p>[vc_row row_content_width=&#8220;grid&#8220; disable_background_image=&#8220;&#8220; content_text_aligment=&#8220;left&#8220; simple_background_image=&#8220;6630&#8243;][vc_column]<div class=\"qodef-elements-holder   qodef-one-column  qodef-responsive-mode-768 \" ><div class=\"qodef-eh-item    \"  data-item-class=\"qodef-eh-custom-2256\" data-1280-1600=\"129px 0\" data-1024-1280=\"129px 0\" data-768-1024=\"113px 7% 134px\" data-680-768=\"113px 0 134px\" data-680=\"113px 0 134px\">\n\t<div class=\"qodef-eh-item-inner\">\n\t\t<div class=\"qodef-eh-item-content qodef-eh-custom-2256\" style=\"padding: 129px 0\">\n\t\t\t<h2 class=\"qodef-custom-font-holder  qodef-cf-9748  \" style=\"font-size: 72px;line-height: 64px;text-align: left;color: #ffffff\" data-item-class=\"qodef-cf-9748\" data-font-size-680=\"57px\">\n\tKontaktieren Sie uns<\/h2>\t\t<\/div>\n\t<\/div>\n<\/div><\/div>[\/vc_column][\/vc_row][vc_row row_content_width=&#8220;grid&#8220; simple_background_color=&#8220;#ffffff&#8220; css=&#8220;.vc_custom_1520326272848{padding-top: 98px !important;padding-bottom: 140px !important;}&#8220;][vc_column offset=&#8220;vc_col-lg-6 vc_col-md-12&#8243;]<div class=\"qodef-elements-holder   qodef-one-column  qodef-responsive-mode-768 \" ><div class=\"qodef-eh-item    \"  data-item-class=\"qodef-eh-custom-2723\" data-1280-1600=\"0 11px 0 0\" data-1024-1280=\"0 0 0 0\" data-768-1024=\"0 0 29px 0\" data-680-768=\"0 0 29px 0\" data-680=\"0 0 29px 0\">\n\t<div class=\"qodef-eh-item-inner\">\n\t\t<div class=\"qodef-eh-item-content qodef-eh-custom-2723\" style=\"padding: 0 33px 0 0\">\n\t\t\t[vc_column_text]<\/p>\n<h1>\u00dcber uns<\/h1>\n<p>[\/vc_column_text][vc_empty_space height=&#8220;10px&#8220;][vc_column_text]FARE ist nach und nach gewachsen und hat sich als eine f\u00fchrende Immobilienagentur im Wohn- und Gewerbebereich der luxemburgischen Immobilienwirtschaft fest etabliert. Mit mehr als 40 Jahren Erfahrung und einer nachweisbaren Erfolgsbilanz ist FARE bekannt f\u00fcr seinen exzellenten Kundenservice und seinen traditionellen, aber innovativen Immobilienansatz.<\/p>\n<p>Ob Sie eine l\u00e4ndliche Immobilie verkaufen oder Ihre erste Stadtwohnung mieten m\u00f6chten, Sie k\u00f6nnen sicher sein, dass FARE Ihnen ein au\u00dfergew\u00f6hnliches, ma\u00dfgeschneidertes Servicepaket bietet, das Ihren pers\u00f6nlichen Anforderungen perfekt entspricht.<\/p>\n<p>Unser erfahrenes Team von Immobilienmaklern wird f\u00fcr seine Expertise gesch\u00e4tzt. Wir sind bekannt daf\u00fcr, dass wir diese zus\u00e4tzliche Meile gehen, um die Anforderungen unserer Kunden zu erf\u00fcllen. Ob Sie nun Hausbesitzer, Investor oder Kunde sind, wir k\u00f6nnen Ihnen versichern, dass wir unser Bestes tun werden, um die richtige L\u00f6sung f\u00fcr Ihre Immobilienanfrage zu finden.[\/vc_column_text][vc_empty_space height=&#8220;20px&#8220;]<div class=\"qodef-iwt clearfix  qodef-iwt-icon-left-from-title qodef-iwt-icon-medium\">\n\t<div class=\"qodef-iwt-content\" >\n\t\t\t\t\t<h6 class=\"qodef-iwt-title\" style=\"color: #5b5a5a;margin-top: 10px\">\n\t\t\t\t\t\t\t\t\t<span class=\"qodef-iwt-icon\">\n\t\t\t\t\t\t\t\t\t\t\t\t\t    <span class=\"qodef-icon-shortcode qodef-normal   qodef-icon-medium\"  data-color=\"#000000\">\n                    <i class=\"qodef-icon-simple-line-icon icon-location-pin qodef-icon-element\" style=\"color: #000000;font-size:14px\" ><\/i>            <\/span>\n\t\t\t\t\t\t\t\t\t\t\t<\/span>\n\t\t\t\t\t<span class=\"qodef-iwt-title-text\">2, Massewee L-6186 Gonderange<\/span>\n\t\t\t\t\t\t\t<\/h6>\n\t\t\t\t\t<\/div>\n<\/div><div class=\"qodef-iwt clearfix  qodef-iwt-icon-left-from-title qodef-iwt-icon-medium\">\n\t<div class=\"qodef-iwt-content\" >\n\t\t\t\t\t<h6 class=\"qodef-iwt-title\" style=\"color: #5b5a5a;margin-top: 10px\">\n\t\t\t\t\t\t\t\t\t<a itemprop=\"url\" href=\"tel:(+352)%2026%20897%20897\" target=\"_self\">\n\t\t\t\t\t\t\t\t\t<span class=\"qodef-iwt-icon\">\n\t\t\t\t\t\t\t\t\t\t\t\t\t    <span class=\"qodef-icon-shortcode qodef-normal   qodef-icon-medium\"  data-color=\"#000000\">\n                    <i class=\"qodef-icon-simple-line-icon icon-call-end qodef-icon-element\" style=\"color: #000000;font-size:14px\" ><\/i>            <\/span>\n\t\t\t\t\t\t\t\t\t\t\t<\/span>\n\t\t\t\t\t<span class=\"qodef-iwt-title-text\">(+352) 26 897 897<\/span>\n\t\t\t\t\t\t\t\t\t<\/a>\n\t\t\t\t\t\t\t<\/h6>\n\t\t\t\t\t<\/div>\n<\/div><div class=\"qodef-iwt clearfix  qodef-iwt-icon-left-from-title qodef-iwt-icon-medium\">\n\t<div class=\"qodef-iwt-content\" >\n\t\t\t\t\t<h6 class=\"qodef-iwt-title\" style=\"color: #5b5a5a;margin-top: 10px\">\n\t\t\t\t\t\t\t\t\t<a itemprop=\"url\" href=\"mailto:contact@fare.lu\" target=\"_self\">\n\t\t\t\t\t\t\t\t\t<span class=\"qodef-iwt-icon\">\n\t\t\t\t\t\t\t\t\t\t\t\t\t    <span class=\"qodef-icon-shortcode qodef-normal   qodef-icon-medium\"  data-color=\"#000000\">\n                    <i class=\"qodef-icon-simple-line-icon icon-envelope qodef-icon-element\" style=\"color: #000000;font-size:14px\" ><\/i>            <\/span>\n\t\t\t\t\t\t\t\t\t\t\t<\/span>\n\t\t\t\t\t<span class=\"qodef-iwt-title-text\">support@fare.lu<\/span>\n\t\t\t\t\t\t\t\t\t<\/a>\n\t\t\t\t\t\t\t<\/h6>\n\t\t\t\t\t<\/div>\n<\/div>[vc_empty_space height=&#8220;31px&#8220;][vc_column_text]Vergesst nicht, uns zu folgen:[\/vc_column_text][vc_empty_space height=&#8220;4px&#8220;]    <span class=\"qodef-icon-shortcode qodef-normal   \" style=\"margin: 0 0 0 16px\" data-hover-color=\"#eb111d\" data-color=\"#010101\">\n                    <a itemprop=\"url\" class=\"\" href=\"https:\/\/www.facebook.com\/FARE.realestate\/\" target=\"_blank\">\n                    <i class=\"qodef-icon-font-awesome fa fa-facebook qodef-icon-element\" style=\"color: #010101;font-size:15px\" ><\/i>                    <\/a>\n            <\/span>\n    <span class=\"qodef-icon-shortcode qodef-normal   \" style=\"margin: 0 0 0 16px\" data-hover-color=\"#eb111d\" data-color=\"#010101\">\n                    <a itemprop=\"url\" class=\"\" href=\"https:\/\/www.linkedin.com\/company\/fare-sa?trk=company_name\" target=\"_blank\">\n                    <i class=\"qodef-icon-font-awesome fa fa-linkedin qodef-icon-element\" style=\"color: #010101;font-size:15px\" ><\/i>                    <\/a>\n            <\/span>\n    <span class=\"qodef-icon-shortcode qodef-normal   \" style=\"margin: 0 0 0 16px\" data-hover-color=\"#eb111d\" data-color=\"#010101\">\n                    <a itemprop=\"url\" class=\"\" href=\"https:\/\/www.instagram.com\/fare.lu\/\" target=\"_blank\">\n                    <i class=\"qodef-icon-font-awesome fa fa-instagram qodef-icon-element\" style=\"color: #010101;font-size:15px\" ><\/i>                    <\/a>\n            <\/span>\n\t\t<\/div>\n\t<\/div>\n<\/div><\/div>[\/vc_column][vc_column offset=&#8220;vc_col-lg-6 vc_col-md-12&#8243;][vc_column_text css_animation=&#8220;fadeIn&#8220;]<\/p>\n<h2>Bitte hinterlassen Sie uns Ihre Kontaktdaten und ein Fare Agent wird sich so schnell wie m\u00f6glich mit Ihnen in Verbindung setzen.<\/h2>\n<p>[\/vc_column_text][vc_empty_space height=&#8220;20px&#8220;]\n<div class=\"wpcf7 no-js\" id=\"wpcf7-f2110-o3\" lang=\"en-US\" dir=\"ltr\" data-wpcf7-id=\"2110\">\n<div class=\"screen-reader-response\"><p role=\"status\" aria-live=\"polite\" aria-atomic=\"true\"><\/p> <ul><\/ul><\/div>\n<form action=\"\/de\/wp-json\/wp\/v2\/pages\/2104#wpcf7-f2110-o3\" method=\"post\" class=\"wpcf7-form init cf7_custom_style_1\" aria-label=\"Contact form\" novalidate=\"novalidate\" data-status=\"init\">\n<fieldset class=\"hidden-fields-container\"><input type=\"hidden\" name=\"_wpcf7\" value=\"2110\" \/><input type=\"hidden\" name=\"_wpcf7_version\" value=\"6.1.5\" \/><input type=\"hidden\" name=\"_wpcf7_locale\" value=\"en_US\" \/><input type=\"hidden\" name=\"_wpcf7_unit_tag\" value=\"wpcf7-f2110-o3\" \/><input type=\"hidden\" name=\"_wpcf7_container_post\" value=\"0\" \/><input type=\"hidden\" name=\"_wpcf7_posted_data_hash\" value=\"\" \/>\n<\/fieldset>\n<p><span class=\"wpcf7-form-control-wrap\" data-name=\"your-name\"><input size=\"40\" maxlength=\"400\" class=\"wpcf7-form-control wpcf7-text wpcf7-validates-as-required\" aria-required=\"true\" aria-invalid=\"false\" placeholder=\"NAME\" value=\"\" type=\"text\" name=\"your-name\" \/><\/span><br \/>\n<span class=\"wpcf7-form-control-wrap\" data-name=\"your-email\"><input size=\"40\" maxlength=\"400\" class=\"wpcf7-form-control wpcf7-email wpcf7-validates-as-required wpcf7-text wpcf7-validates-as-email\" aria-required=\"true\" aria-invalid=\"false\" placeholder=\"E-MAIL\" value=\"\" type=\"email\" name=\"your-email\" \/><\/span><br \/>\n<span class=\"wpcf7-form-control-wrap\" data-name=\"your-phone\"><input size=\"40\" maxlength=\"400\" class=\"wpcf7-form-control wpcf7-text wpcf7-validates-as-required\" aria-required=\"true\" aria-invalid=\"false\" placeholder=\"TELEFON\" value=\"\" type=\"text\" name=\"your-phone\" \/><\/span><br \/>\n<span class=\"wpcf7-form-control-wrap\" data-name=\"your-subject\"><select class=\"wpcf7-form-control wpcf7-select wpcf7-validates-as-required\" aria-required=\"true\" aria-invalid=\"false\" name=\"your-subject\"><option value=\"Mehr Informationen erhalten\">Mehr Informationen erhalten<\/option><option value=\"Nach einem Besichtigungstermin fragen\">Nach einem Besichtigungstermin fragen<\/option><option value=\"Um R\u00fcckruf bitten\">Um R\u00fcckruf bitten<\/option><option value=\"Nach weiteren Bildern fragen\">Nach weiteren Bildern fragen<\/option><\/select><\/span><br \/>\n<span class=\"wpcf7-form-control-wrap\" data-name=\"your-address\"><textarea cols=\"40\" rows=\"3\" maxlength=\"2000\" class=\"wpcf7-form-control wpcf7-textarea wpcf7-validates-as-required\" aria-required=\"true\" aria-invalid=\"false\" placeholder=\"ADDRESS\" name=\"your-address\"><\/textarea><\/span><span class=\"wpcf7-form-control-wrap\" data-name=\"your-message\"><textarea cols=\"40\" rows=\"10\" maxlength=\"2000\" class=\"wpcf7-form-control wpcf7-textarea wpcf7-validates-as-required\" aria-required=\"true\" aria-invalid=\"false\" name=\"your-message\">Guten Tag,\n\nIch interessiere mich f\u00fcr Ihre Anzeige und h\u00e4tte gerne mehr Informationen zu dem Objekt.\n\nVielen Dank.<\/textarea><\/span>\n<\/p>\n<p><span class=\"wpcf7-form-control-wrap\" data-name=\"acceptance-1\"><span class=\"wpcf7-form-control wpcf7-acceptance\"><span class=\"wpcf7-list-item\"><label><input type=\"checkbox\" name=\"acceptance-1\" value=\"1\" aria-invalid=\"false\" \/><span class=\"wpcf7-list-item-label\">* Ja, ich habe die <a href='\/privacy-policy\/'> Datenschutzrichtlinie <\/a> zur Verarbeitung personenbezogener Daten gelesen und verstanden und akzeptiere deren Verwendung durch Fare SA, um auf meine Anfrage zu antworten<\/span><\/label><\/span><\/span><\/span>\n<\/p>\n<p><input class=\"wpcf7-form-control wpcf7-submit has-spinner\" type=\"submit\" value=\"Senden\" \/>\n<\/p>\n\n<div class=\"wpcf7-response-output\" aria-hidden=\"true\"><\/div>\n<\/form>\n<\/div>\n[vc_message](Bitte beachten Sie, dass Sie uns durch die Eingabe Ihrer Daten die Erlaubnis erteilen, Sie von Zeit zu Zeit mit relevanten Angeboten von FARE SA zu kontaktieren, wir geben Ihre Kontaktdaten nicht an Dritte weiter.)[\/vc_message][\/vc_column][\/vc_row][vc_row][vc_column]<div class=\"qodef-google-map-holder\">\n\t<div class=\"qodef-google-map\" id=\"qodef-map-2753875\" data-addresses='[\"1 Rue du Verger L-2665 Luxembourg\"]' data-custom-map-style=no data-color-overlay=#393939 data-saturation=-100 data-lightness=-60 data-zoom=15 data-pin=https:\/\/fare.cuco.dev\/wp-content\/uploads\/2018\/08\/black-pin.png data-unique-id=2753875 data-scroll-wheel=no data-height=600 data-snazzy-map-style=yes><\/div>\n\t\t\t<input type=\"hidden\" class=\"qodef-snazzy-map\" value=\"`{`\n{\n``featureType``: ``landscape``,\n``elementType``: ``labels``,\n``stylers``: `{`\n{\n``visibility``: ``off``\n}\n`}`\n},\n{\n``featureType``: ``transit``,\n``elementType``: ``labels``,\n``stylers``: `{`\n{\n``visibility``: ``off``\n}\n`}`\n},\n{\n``featureType``: ``poi``,\n``elementType``: ``labels``,\n``stylers``: `{`\n{\n``visibility``: ``off``\n}\n`}`\n},\n{\n``featureType``: ``water``,\n``elementType``: ``labels``,\n``stylers``: `{`\n{\n``visibility``: ``off``\n}\n`}`\n},\n{\n``featureType``: ``road``,\n``elementType``: ``labels.icon``,\n``stylers``: `{`\n{\n``visibility``: ``off``\n}\n`}`\n},\n{\n``stylers``: `{`\n{\n``hue``: ``#00aaff``\n},\n{\n``saturation``: -100\n},\n{\n``gamma``: 2.15\n},\n{\n``lightness``: 12\n}\n`}`\n},\n{\n``featureType``: ``road``,\n``elementType``: ``labels.text.fill``,\n``stylers``: `{`\n{\n``visibility``: ``on``\n},\n{\n``lightness``: 24\n}\n`}`\n},\n{\n``featureType``: ``road``,\n``elementType``: ``geometry``,\n``stylers``: `{`\n{\n``lightness``: 57\n}\n`}`\n}\n`}`\" \/>\n\t\t\t\t<div class=\"qodef-google-map-overlay\"><\/div>\n\t<\/div>\n[\/vc_column][\/vc_row]<\/p>\n<p><\/p>\n<\/div>","protected":false},"excerpt":{"rendered":"<p>[vc_row row_content_width=&#8220;grid&#8220; disable_background_image=&#8220;&#8220; content_text_aligment=&#8220;left&#8220; simple_background_image=&#8220;6630&#8243;][vc_column][\/vc_column][\/vc_row][vc_row row_content_width=&#8220;grid&#8220; simple_background_color=&#8220;#ffffff&#8220; css=&#8220;.vc_custom_1520326272848{padding-top: 98px !important;padding-bottom: 140px !important;}&#8220;][vc_column offset=&#8220;vc_col-lg-6 vc_col-md-12&#8243;][\/vc_column][vc_column offset=&#8220;vc_col-lg-6 vc_col-md-12&#8243;][vc_column_text css_animation=&#8220;fadeIn&#8220;] Bitte hinterlassen Sie uns Ihre Kontaktdaten und ein Fare Agent wird sich so schnell wie m\u00f6glich mit Ihnen in Verbindung setzen. [\/vc_column_text][vc_empty_space height=&#8220;20px&#8220;][vc_message](Bitte [&hellip;]<\/p>\n","protected":false},"author":18,"featured_media":0,"parent":0,"menu_order":0,"comment_status":"closed","ping_status":"closed","template":"full-width.php","meta":{"_acf_changed":false,"footnotes":""},"class_list":["post-2104","page","type-page","status-publish","hentry"],"acf":[],"yoast_head":"<!-- This site is optimized with the Yoast SEO plugin v27.3 - https:\/\/yoast.com\/product\/yoast-seo-wordpress\/ -->\n<title>Kontaktieren Sie uns &#187; Fare<\/title>\n<meta name=\"robots\" content=\"noindex, follow, max-snippet:-1, max-image-preview:large, max-video-preview:-1\" \/>\n<meta property=\"og:locale\" content=\"de_DE\" \/>\n<meta property=\"og:type\" content=\"article\" \/>\n<meta property=\"og:title\" content=\"Kontaktieren Sie uns &#187; Fare\" \/>\n<meta property=\"og:description\" content=\"[vc_row row_content_width=&#8220;grid&#8220; disable_background_image=&#8220;&#8220; content_text_aligment=&#8220;left&#8220; simple_background_image=&#8220;6630&#8243;][vc_column][\/vc_column][\/vc_row][vc_row row_content_width=&#8220;grid&#8220; simple_background_color=&#8220;#ffffff&#8220; css=&#8220;.vc_custom_1520326272848{padding-top: 98px !important;padding-bottom: 140px !important;}&#8220;][vc_column offset=&#8220;vc_col-lg-6 vc_col-md-12&#8243;][\/vc_column][vc_column offset=&#8220;vc_col-lg-6 vc_col-md-12&#8243;][vc_column_text css_animation=&#8220;fadeIn&#8220;] Bitte hinterlassen Sie uns Ihre Kontaktdaten und ein Fare Agent wird sich so schnell wie m\u00f6glich mit Ihnen in Verbindung setzen. [\/vc_column_text][vc_empty_space height=&#8220;20px&#8220;][vc_message](Bitte [&hellip;]\" \/>\n<meta property=\"og:url\" content=\"https:\/\/fare.cuco.dev\/de\/contact\/\" \/>\n<meta property=\"og:site_name\" content=\"Fare\" \/>\n<meta property=\"article:publisher\" content=\"https:\/\/www.facebook.com\/FARE.realestate\/?eid=ARBianNQrjkuyE3lWZt04frYywAy-mljTznSn1yD_xhxCFrCFmVw9pjxPHGE1ZHcxRBkujBS12sRMkWS&amp;amp%3bamp%3bamp%3bamp%3bamp%3bamp%3bamp%3bamp%3bamp%3bamp%3btimeline_context_item_type=intro_card_work&amp;amp%3bamp%3bamp%3bamp%3bamp%3bamp%3bamp%3bamp%3bamp%3bamp%3btimeline_context_item_source=100006475746626&amp;amp%3bamp%3bamp%3bamp%3bamp%3bamp%3bamp%3bamp%3bamp%3bamp%3bfref=tag\" \/>\n<meta property=\"article:modified_time\" content=\"2023-09-13T22:04:22+00:00\" \/>\n<meta name=\"twitter:card\" content=\"summary_large_image\" \/>\n<meta name=\"twitter:site\" content=\"@FARERealEstate\" \/>\n<meta name=\"twitter:label1\" content=\"Gesch\u00e4tzte Lesezeit\" \/>\n\t<meta name=\"twitter:data1\" content=\"3\u00a0Minuten\" \/>\n<script type=\"application\/ld+json\" class=\"yoast-schema-graph\">{\"@context\":\"https:\\\/\\\/schema.org\",\"@graph\":[{\"@type\":\"WebPage\",\"@id\":\"https:\\\/\\\/fare.cuco.dev\\\/de\\\/contact\\\/\",\"url\":\"https:\\\/\\\/fare.cuco.dev\\\/de\\\/contact\\\/\",\"name\":\"Kontaktieren Sie uns &#187; Fare\",\"isPartOf\":{\"@id\":\"https:\\\/\\\/fare.cuco.dev\\\/de\\\/#website\"},\"datePublished\":\"2018-08-10T11:23:23+00:00\",\"dateModified\":\"2023-09-13T22:04:22+00:00\",\"breadcrumb\":{\"@id\":\"https:\\\/\\\/fare.cuco.dev\\\/de\\\/contact\\\/#breadcrumb\"},\"inLanguage\":\"de\",\"potentialAction\":[{\"@type\":\"ReadAction\",\"target\":[[\"https:\\\/\\\/fare.cuco.dev\\\/de\\\/contact\\\/\"]]}]},{\"@type\":\"BreadcrumbList\",\"@id\":\"https:\\\/\\\/fare.cuco.dev\\\/de\\\/contact\\\/#breadcrumb\",\"itemListElement\":[{\"@type\":\"ListItem\",\"position\":1,\"name\":\"Home\",\"item\":\"https:\\\/\\\/fare.cuco.dev\\\/de\\\/\"},{\"@type\":\"ListItem\",\"position\":2,\"name\":\"Contact\"}]},{\"@type\":\"WebSite\",\"@id\":\"https:\\\/\\\/fare.cuco.dev\\\/de\\\/#website\",\"url\":\"https:\\\/\\\/fare.cuco.dev\\\/de\\\/\",\"name\":\"FARE - Your Real Estate Partner in Luxembourg \\\/ House for Sale\\\/Sell house \\\/Offices and Lands for sale or to let\",\"description\":\"Ihr Immobilienpartner\",\"publisher\":{\"@id\":\"https:\\\/\\\/fare.cuco.dev\\\/de\\\/#organization\"},\"potentialAction\":[{\"@type\":\"SearchAction\",\"target\":{\"@type\":\"EntryPoint\",\"urlTemplate\":\"https:\\\/\\\/fare.cuco.dev\\\/de\\\/?s={search_term_string}\"},\"query-input\":{\"@type\":\"PropertyValueSpecification\",\"valueRequired\":true,\"valueName\":\"search_term_string\"}}],\"inLanguage\":\"de\"},{\"@type\":\"Organization\",\"@id\":\"https:\\\/\\\/fare.cuco.dev\\\/de\\\/#organization\",\"name\":\"FARE Real Estate Luxembourg\",\"url\":\"https:\\\/\\\/fare.cuco.dev\\\/de\\\/\",\"logo\":{\"@type\":\"ImageObject\",\"inLanguage\":\"de\",\"@id\":\"https:\\\/\\\/fare.cuco.dev\\\/de\\\/#\\\/schema\\\/logo\\\/image\\\/\",\"url\":\"https:\\\/\\\/fare.cuco.dev\\\/wp-content\\\/uploads\\\/2020\\\/01\\\/FARE-Real-Estate-in-Luxembourg-House-for-sale-Sell-your-house-office-to-let-land-for-sale-Luxembourg-city-center-scaled.jpg\",\"contentUrl\":\"https:\\\/\\\/fare.cuco.dev\\\/wp-content\\\/uploads\\\/2020\\\/01\\\/FARE-Real-Estate-in-Luxembourg-House-for-sale-Sell-your-house-office-to-let-land-for-sale-Luxembourg-city-center-scaled.jpg\",\"width\":2560,\"height\":2560,\"caption\":\"FARE Real Estate Luxembourg\"},\"image\":{\"@id\":\"https:\\\/\\\/fare.cuco.dev\\\/de\\\/#\\\/schema\\\/logo\\\/image\\\/\"},\"sameAs\":[\"https:\\\/\\\/www.facebook.com\\\/FARE.realestate\\\/?eid=ARBianNQrjkuyE3lWZt04frYywAy-mljTznSn1yD_xhxCFrCFmVw9pjxPHGE1ZHcxRBkujBS12sRMkWS&amp;amp;amp;amp;amp;amp;amp;amp;amp;amp;timeline_context_item_type=intro_card_work&amp;amp;amp;amp;amp;amp;amp;amp;amp;amp;timeline_context_item_source=100006475746626&amp;amp;amp;amp;amp;amp;amp;amp;amp;amp;fref=tag\",\"https:\\\/\\\/x.com\\\/FARERealEstate\",\"https:\\\/\\\/www.instagram.com\\\/fare.lu\\\/\",\"https:\\\/\\\/www.linkedin.com\\\/company\\\/fare-sa\\\/\",\"https:\\\/\\\/www.youtube.com\\\/channel\\\/UC8ykD-d6gZracNzRLJ91vhw\"]}]}<\/script>\n<!-- \/ Yoast SEO plugin. -->","yoast_head_json":{"title":"Kontaktieren Sie uns &#187; Fare","robots":{"index":"noindex","follow":"follow","max-snippet":"max-snippet:-1","max-image-preview":"max-image-preview:large","max-video-preview":"max-video-preview:-1"},"og_locale":"de_DE","og_type":"article","og_title":"Kontaktieren Sie uns &#187; Fare","og_description":"[vc_row row_content_width=&#8220;grid&#8220; disable_background_image=&#8220;&#8220; content_text_aligment=&#8220;left&#8220; simple_background_image=&#8220;6630&#8243;][vc_column][\/vc_column][\/vc_row][vc_row row_content_width=&#8220;grid&#8220; simple_background_color=&#8220;#ffffff&#8220; css=&#8220;.vc_custom_1520326272848{padding-top: 98px !important;padding-bottom: 140px !important;}&#8220;][vc_column offset=&#8220;vc_col-lg-6 vc_col-md-12&#8243;][\/vc_column][vc_column offset=&#8220;vc_col-lg-6 vc_col-md-12&#8243;][vc_column_text css_animation=&#8220;fadeIn&#8220;] Bitte hinterlassen Sie uns Ihre Kontaktdaten und ein Fare Agent wird sich so schnell wie m\u00f6glich mit Ihnen in Verbindung setzen. [\/vc_column_text][vc_empty_space height=&#8220;20px&#8220;][vc_message](Bitte [&hellip;]","og_url":"https:\/\/fare.cuco.dev\/de\/contact\/","og_site_name":"Fare","article_publisher":"https:\/\/www.facebook.com\/FARE.realestate\/?eid=ARBianNQrjkuyE3lWZt04frYywAy-mljTznSn1yD_xhxCFrCFmVw9pjxPHGE1ZHcxRBkujBS12sRMkWS&amp%3bamp%3bamp%3bamp%3bamp%3bamp%3bamp%3bamp%3bamp%3bamp%3btimeline_context_item_type=intro_card_work&amp%3bamp%3bamp%3bamp%3bamp%3bamp%3bamp%3bamp%3bamp%3bamp%3btimeline_context_item_source=100006475746626&amp%3bamp%3bamp%3bamp%3bamp%3bamp%3bamp%3bamp%3bamp%3bamp%3bfref=tag","article_modified_time":"2023-09-13T22:04:22+00:00","twitter_card":"summary_large_image","twitter_site":"@FARERealEstate","twitter_misc":{"Gesch\u00e4tzte Lesezeit":"3\u00a0Minuten"},"schema":{"@context":"https:\/\/schema.org","@graph":[{"@type":"WebPage","@id":"https:\/\/fare.cuco.dev\/de\/contact\/","url":"https:\/\/fare.cuco.dev\/de\/contact\/","name":"Kontaktieren Sie uns &#187; Fare","isPartOf":{"@id":"https:\/\/fare.cuco.dev\/de\/#website"},"datePublished":"2018-08-10T11:23:23+00:00","dateModified":"2023-09-13T22:04:22+00:00","breadcrumb":{"@id":"https:\/\/fare.cuco.dev\/de\/contact\/#breadcrumb"},"inLanguage":"de","potentialAction":[{"@type":"ReadAction","target":[["https:\/\/fare.cuco.dev\/de\/contact\/"]]}]},{"@type":"BreadcrumbList","@id":"https:\/\/fare.cuco.dev\/de\/contact\/#breadcrumb","itemListElement":[{"@type":"ListItem","position":1,"name":"Home","item":"https:\/\/fare.cuco.dev\/de\/"},{"@type":"ListItem","position":2,"name":"Contact"}]},{"@type":"WebSite","@id":"https:\/\/fare.cuco.dev\/de\/#website","url":"https:\/\/fare.cuco.dev\/de\/","name":"FARE - Your Real Estate Partner in Luxembourg \/ House for Sale\/Sell house \/Offices and Lands for sale or to let","description":"Ihr Immobilienpartner","publisher":{"@id":"https:\/\/fare.cuco.dev\/de\/#organization"},"potentialAction":[{"@type":"SearchAction","target":{"@type":"EntryPoint","urlTemplate":"https:\/\/fare.cuco.dev\/de\/?s={search_term_string}"},"query-input":{"@type":"PropertyValueSpecification","valueRequired":true,"valueName":"search_term_string"}}],"inLanguage":"de"},{"@type":"Organization","@id":"https:\/\/fare.cuco.dev\/de\/#organization","name":"FARE Real Estate Luxembourg","url":"https:\/\/fare.cuco.dev\/de\/","logo":{"@type":"ImageObject","inLanguage":"de","@id":"https:\/\/fare.cuco.dev\/de\/#\/schema\/logo\/image\/","url":"https:\/\/fare.cuco.dev\/wp-content\/uploads\/2020\/01\/FARE-Real-Estate-in-Luxembourg-House-for-sale-Sell-your-house-office-to-let-land-for-sale-Luxembourg-city-center-scaled.jpg","contentUrl":"https:\/\/fare.cuco.dev\/wp-content\/uploads\/2020\/01\/FARE-Real-Estate-in-Luxembourg-House-for-sale-Sell-your-house-office-to-let-land-for-sale-Luxembourg-city-center-scaled.jpg","width":2560,"height":2560,"caption":"FARE Real Estate Luxembourg"},"image":{"@id":"https:\/\/fare.cuco.dev\/de\/#\/schema\/logo\/image\/"},"sameAs":["https:\/\/www.facebook.com\/FARE.realestate\/?eid=ARBianNQrjkuyE3lWZt04frYywAy-mljTznSn1yD_xhxCFrCFmVw9pjxPHGE1ZHcxRBkujBS12sRMkWS&amp;amp;amp;amp;amp;amp;amp;amp;amp;amp;timeline_context_item_type=intro_card_work&amp;amp;amp;amp;amp;amp;amp;amp;amp;amp;timeline_context_item_source=100006475746626&amp;amp;amp;amp;amp;amp;amp;amp;amp;amp;fref=tag","https:\/\/x.com\/FARERealEstate","https:\/\/www.instagram.com\/fare.lu\/","https:\/\/www.linkedin.com\/company\/fare-sa\/","https:\/\/www.youtube.com\/channel\/UC8ykD-d6gZracNzRLJ91vhw"]}]}},"_links":{"self":[{"href":"https:\/\/fare.cuco.dev\/de\/wp-json\/wp\/v2\/pages\/2104","targetHints":{"allow":["GET"]}}],"collection":[{"href":"https:\/\/fare.cuco.dev\/de\/wp-json\/wp\/v2\/pages"}],"about":[{"href":"https:\/\/fare.cuco.dev\/de\/wp-json\/wp\/v2\/types\/page"}],"author":[{"embeddable":true,"href":"https:\/\/fare.cuco.dev\/de\/wp-json\/wp\/v2\/users\/18"}],"replies":[{"embeddable":true,"href":"https:\/\/fare.cuco.dev\/de\/wp-json\/wp\/v2\/comments?post=2104"}],"version-history":[{"count":44,"href":"https:\/\/fare.cuco.dev\/de\/wp-json\/wp\/v2\/pages\/2104\/revisions"}],"predecessor-version":[{"id":44529,"href":"https:\/\/fare.cuco.dev\/de\/wp-json\/wp\/v2\/pages\/2104\/revisions\/44529"}],"wp:attachment":[{"href":"https:\/\/fare.cuco.dev\/de\/wp-json\/wp\/v2\/media?parent=2104"}],"curies":[{"name":"wp","href":"https:\/\/api.w.org\/{rel}","templated":true}]}}