{"id":47960,"date":"2024-08-06T13:23:31","date_gmt":"2024-08-06T11:23:31","guid":{"rendered":"https:\/\/fare.lu\/?page_id=47960"},"modified":"2024-08-06T13:48:33","modified_gmt":"2024-08-06T11:48:33","slug":"announcement-of-rental-lease-revision","status":"publish","type":"page","link":"https:\/\/fare.cuco.dev\/de\/announcement-of-rental-lease-revision\/","title":{"rendered":"Ank\u00fcndigung der Revision des Mietvertrags"},"content":{"rendered":"<div class=\"wpb-content-wrapper\"><p>[vc_row css=&#8220;.vc_custom_1722860984080{padding-bottom: 90px !important;}&#8220;][vc_column][vc_single_image image=&#8220;47967&#8243; img_size=&#8220;full&#8220;][vc_column_text]Sehr geehrte Mitglieder!<\/p>\n<p>Am 10. Juli 2024 verabschiedete die Abgeordnetenkammer den Gesetzentwurf Nr. 7642 zur \u00c4nderung von :<\/p>\n<p>1. des ge\u00e4nderten Gesetzes vom 21. September 2006 \u00fcber den Mietvertrag zu Wohnzwecken;<\/p>\n<p>2. Artikel 1714 des Zivilgesetzbuches.<\/p>\n<p>Das neue Gesetz wird am Donnerstag, den 1. August 2024, in Kraft treten.<\/p>\n<p>Zur Erinnerung: Am 15. April 2024 hatte der Regierungsrat die Regierungs\u00e4nderungen zum Gesetzentwurf Nr. 7642 zur \u00c4nderung des ge\u00e4nderten Gesetzes vom 21. September 2006 \u00fcber die Wohnraummiete gebilligt. Das neue Gesetz vom 23. Juli 2024 &#8222;Mietvertrag&#8220; wurde am 25. Juli 2024 im Amtsblatt ver\u00f6ffentlicht.<\/p>\n<p>Um diesen Gesetzentwurf so schnell wie m\u00f6glich fertigzustellen und angesichts der starken Proteste gegen die Reform der Mietobergrenze beschloss der Rat, diesen Teil des Gesetzentwurfs zu streichen. Die anderen wichtigen Aspekte, die von den betroffenen Kreisen weitgehend bef\u00fcrwortet wurden, bleiben erhalten.<\/p>\n<p>Hier die wichtigsten Punkte der Revision des Mietvertrags:<\/p>\n<h3>1. Wohngemeinschaften<\/h3>\n<p>Der Gesetzentwurf f\u00fchrt spezielle Bestimmungen f\u00fcr Wohngemeinschaften ein.<br \/>\nZwischen den Mietern und dem Vermieter wird ein einheitlicher Mitbewohnervertrag aufgesetzt, der von einer Mitbewohnervereinbarung begleitet wird.<br \/>\nDie Mitbewohner k\u00f6nnen sich vor Ablauf des Mietvertrags mit einer Frist von drei Monaten von ihren Verpflichtungen l\u00f6sen und m\u00fcssen einen Nachfolger finden.<\/p>\n<h3>2. Verpflichtung zu einem schriftlichen Mietvertrag und Einhaltung der gesetzlichen Mietobergrenze.<\/h3>\n<p>Alle Mietvertr\u00e4ge f\u00fcr Wohnzwecke m\u00fcssen schriftlich abgefasst werden und bestimmte Pflichtangaben enthalten.<br \/>\nDie Einhaltung der gesetzlichen Mietobergrenze muss in jedem zuk\u00fcnftigen Mietvertrag festgehalten werden.<\/p>\n<h3>3. Pr\u00e4zisierung der Bestimmungen zur Mietobergrenze<\/h3>\n<p>Die Bestimmungen zur Reform der Mietobergrenze werden \u00fcberarbeitet, um ein Gleichgewicht zwischen den Bed\u00fcrfnissen von Mietern und Vermietern zu finden.<br \/>\nDie im Rahmen eines Mietverh\u00e4ltnisses gezahlten Mieten d\u00fcrfen nicht mehr als 5% des in die Wohnung investierten Kapitals betragen.<br \/>\nF\u00fcr m\u00f6blierte Wohnungen kann ein Mietzuschlag verlangt werden.<br \/>\nDie j\u00e4hrliche Drittelregel wird durch eine zweij\u00e4hrliche Grenze von 10% ersetzt.<\/p>\n<h3>4. Abschaffung des Begriffs &#8222;Luxuswohnungen&#8220;.<\/h3>\n<p>Der Begriff &#8222;Luxuswohnungen&#8220; wird abgeschafft, wodurch sichergestellt wird, dass die Mietobergrenze f\u00fcr alle Arten von Wohnraum gilt.<\/p>\n<h3>5. Teilung der Geb\u00fchren f\u00fcr Immobilienmakler<\/h3>\n<p>Die Provisionskosten f\u00fcr Immobilienmakler werden gleichm\u00e4\u00dfig (50\/50) zwischen Vermieter und Mieter aufgeteilt.<\/p>\n<h3>6. Rahmen f\u00fcr die Mietgarantie<\/h3>\n<p>Der gesetzliche H\u00f6chstbetrag der Mietkaution wird von drei auf zwei Monatsmieten gesenkt.<br \/>\nEs wird ein Verfahren zur R\u00fcckgabe der Mietkaution eingef\u00fchrt, das auch Sanktionen f\u00fcr den Fall beinhaltet, dass der Vermieter die gesetzlichen Fristen nicht einh\u00e4lt.<\/p>\n<p>Wir hoffen, dass diese Ma\u00dfnahmen zu einer besseren Regulierung des Mietmarktes und zu einem gerechteren Gleichgewicht zwischen Mietern und Vermietern beitragen werden.<\/p>\n<p>F\u00fcr weitere Informationen laden wir Sie ein, den unten stehenden Gesetzestext Nr. 7642 zu lesen:<\/p>\n<p><a href=\"https:\/\/www.chambre-immobiliere.lu\/wp-content\/uploads\/2024\/07\/eli-etat-leg-loi-2024-07-23-a311-jo-fr-pdfa.pdf\" target=\"_blank\" rel=\"noopener\">Lesen Sie den Gesetzestext aus dem Amtsblatt<\/a><br \/>\n\u00ad<br \/>\n\u00ad<\/p>\n<p>F\u00fcr weitere Fragen oder Kl\u00e4rungen stehen wir Ihnen gerne zur Verf\u00fcgung.<\/p>\n<p>Mit freundlichen Gr\u00fc\u00dfen,<\/p>\n<p>La Chambre Immobili\u00e8re[\/vc_column_text][\/vc_column][\/vc_row]<\/p>\n<\/div>","protected":false},"excerpt":{"rendered":"<p>[vc_row css=&#8220;.vc_custom_1722860984080{padding-bottom: 90px !important;}&#8220;][vc_column][vc_single_image image=&#8220;47967&#8243; img_size=&#8220;full&#8220;][vc_column_text]Sehr geehrte Mitglieder! Am 10. Juli 2024 verabschiedete die Abgeordnetenkammer den Gesetzentwurf Nr. 7642 zur \u00c4nderung von : 1. des ge\u00e4nderten Gesetzes vom 21. September 2006 \u00fcber den Mietvertrag zu Wohnzwecken; 2. Artikel 1714 des [&hellip;]<\/p>\n","protected":false},"author":18,"featured_media":0,"parent":0,"menu_order":0,"comment_status":"closed","ping_status":"closed","template":"","meta":{"_acf_changed":false,"footnotes":""},"class_list":["post-47960","page","type-page","status-publish","hentry"],"acf":[],"yoast_head":"<!-- This site is optimized with the Yoast SEO plugin v27.3 - https:\/\/yoast.com\/product\/yoast-seo-wordpress\/ -->\n<title>Ank\u00fcndigung der Revision des Mietvertrags &#187; Fare<\/title>\n<meta name=\"robots\" content=\"noindex, follow, max-snippet:-1, max-image-preview:large, max-video-preview:-1\" \/>\n<meta property=\"og:locale\" content=\"de_DE\" \/>\n<meta property=\"og:type\" content=\"article\" \/>\n<meta property=\"og:title\" content=\"Ank\u00fcndigung der Revision des Mietvertrags &#187; Fare\" \/>\n<meta property=\"og:description\" content=\"[vc_row css=&#8220;.vc_custom_1722860984080{padding-bottom: 90px !important;}&#8220;][vc_column][vc_single_image image=&#8220;47967&#8243; img_size=&#8220;full&#8220;][vc_column_text]Sehr geehrte Mitglieder! Am 10. Juli 2024 verabschiedete die Abgeordnetenkammer den Gesetzentwurf Nr. 7642 zur \u00c4nderung von : 1. des ge\u00e4nderten Gesetzes vom 21. September 2006 \u00fcber den Mietvertrag zu Wohnzwecken; 2. Artikel 1714 des [&hellip;]\" \/>\n<meta property=\"og:url\" content=\"https:\/\/fare.cuco.dev\/de\/announcement-of-rental-lease-revision\/\" \/>\n<meta property=\"og:site_name\" content=\"Fare\" \/>\n<meta property=\"article:publisher\" content=\"https:\/\/www.facebook.com\/FARE.realestate\/?eid=ARBianNQrjkuyE3lWZt04frYywAy-mljTznSn1yD_xhxCFrCFmVw9pjxPHGE1ZHcxRBkujBS12sRMkWS&amp;amp%3bamp%3bamp%3bamp%3bamp%3bamp%3bamp%3bamp%3bamp%3bamp%3btimeline_context_item_type=intro_card_work&amp;amp%3bamp%3bamp%3bamp%3bamp%3bamp%3bamp%3bamp%3bamp%3bamp%3btimeline_context_item_source=100006475746626&amp;amp%3bamp%3bamp%3bamp%3bamp%3bamp%3bamp%3bamp%3bamp%3bamp%3bfref=tag\" \/>\n<meta property=\"article:modified_time\" content=\"2024-08-06T11:48:33+00:00\" \/>\n<meta name=\"twitter:card\" content=\"summary_large_image\" \/>\n<meta name=\"twitter:site\" content=\"@FARERealEstate\" \/>\n<meta name=\"twitter:label1\" content=\"Gesch\u00e4tzte Lesezeit\" \/>\n\t<meta name=\"twitter:data1\" content=\"2\u00a0Minuten\" \/>\n<script type=\"application\/ld+json\" class=\"yoast-schema-graph\">{\"@context\":\"https:\\\/\\\/schema.org\",\"@graph\":[{\"@type\":\"WebPage\",\"@id\":\"https:\\\/\\\/fare.cuco.dev\\\/de\\\/announcement-of-rental-lease-revision\\\/\",\"url\":\"https:\\\/\\\/fare.cuco.dev\\\/de\\\/announcement-of-rental-lease-revision\\\/\",\"name\":\"Ank\u00fcndigung der Revision des Mietvertrags &#187; Fare\",\"isPartOf\":{\"@id\":\"https:\\\/\\\/fare.cuco.dev\\\/de\\\/#website\"},\"datePublished\":\"2024-08-06T11:23:31+00:00\",\"dateModified\":\"2024-08-06T11:48:33+00:00\",\"breadcrumb\":{\"@id\":\"https:\\\/\\\/fare.cuco.dev\\\/de\\\/announcement-of-rental-lease-revision\\\/#breadcrumb\"},\"inLanguage\":\"de\",\"potentialAction\":[{\"@type\":\"ReadAction\",\"target\":[[\"https:\\\/\\\/fare.cuco.dev\\\/de\\\/announcement-of-rental-lease-revision\\\/\"]]}]},{\"@type\":\"BreadcrumbList\",\"@id\":\"https:\\\/\\\/fare.cuco.dev\\\/de\\\/announcement-of-rental-lease-revision\\\/#breadcrumb\",\"itemListElement\":[{\"@type\":\"ListItem\",\"position\":1,\"name\":\"Home\",\"item\":\"https:\\\/\\\/fare.cuco.dev\\\/de\\\/\"},{\"@type\":\"ListItem\",\"position\":2,\"name\":\"Announcement of rental lease revision\"}]},{\"@type\":\"WebSite\",\"@id\":\"https:\\\/\\\/fare.cuco.dev\\\/de\\\/#website\",\"url\":\"https:\\\/\\\/fare.cuco.dev\\\/de\\\/\",\"name\":\"FARE - Your Real Estate Partner in Luxembourg \\\/ House for Sale\\\/Sell house \\\/Offices and Lands for sale or to let\",\"description\":\"Ihr Immobilienpartner\",\"publisher\":{\"@id\":\"https:\\\/\\\/fare.cuco.dev\\\/de\\\/#organization\"},\"potentialAction\":[{\"@type\":\"SearchAction\",\"target\":{\"@type\":\"EntryPoint\",\"urlTemplate\":\"https:\\\/\\\/fare.cuco.dev\\\/de\\\/?s={search_term_string}\"},\"query-input\":{\"@type\":\"PropertyValueSpecification\",\"valueRequired\":true,\"valueName\":\"search_term_string\"}}],\"inLanguage\":\"de\"},{\"@type\":\"Organization\",\"@id\":\"https:\\\/\\\/fare.cuco.dev\\\/de\\\/#organization\",\"name\":\"FARE Real Estate Luxembourg\",\"url\":\"https:\\\/\\\/fare.cuco.dev\\\/de\\\/\",\"logo\":{\"@type\":\"ImageObject\",\"inLanguage\":\"de\",\"@id\":\"https:\\\/\\\/fare.cuco.dev\\\/de\\\/#\\\/schema\\\/logo\\\/image\\\/\",\"url\":\"https:\\\/\\\/fare.cuco.dev\\\/wp-content\\\/uploads\\\/2020\\\/01\\\/FARE-Real-Estate-in-Luxembourg-House-for-sale-Sell-your-house-office-to-let-land-for-sale-Luxembourg-city-center-scaled.jpg\",\"contentUrl\":\"https:\\\/\\\/fare.cuco.dev\\\/wp-content\\\/uploads\\\/2020\\\/01\\\/FARE-Real-Estate-in-Luxembourg-House-for-sale-Sell-your-house-office-to-let-land-for-sale-Luxembourg-city-center-scaled.jpg\",\"width\":2560,\"height\":2560,\"caption\":\"FARE Real Estate Luxembourg\"},\"image\":{\"@id\":\"https:\\\/\\\/fare.cuco.dev\\\/de\\\/#\\\/schema\\\/logo\\\/image\\\/\"},\"sameAs\":[\"https:\\\/\\\/www.facebook.com\\\/FARE.realestate\\\/?eid=ARBianNQrjkuyE3lWZt04frYywAy-mljTznSn1yD_xhxCFrCFmVw9pjxPHGE1ZHcxRBkujBS12sRMkWS&amp;amp;amp;amp;amp;amp;amp;amp;amp;amp;timeline_context_item_type=intro_card_work&amp;amp;amp;amp;amp;amp;amp;amp;amp;amp;timeline_context_item_source=100006475746626&amp;amp;amp;amp;amp;amp;amp;amp;amp;amp;fref=tag\",\"https:\\\/\\\/x.com\\\/FARERealEstate\",\"https:\\\/\\\/www.instagram.com\\\/fare.lu\\\/\",\"https:\\\/\\\/www.linkedin.com\\\/company\\\/fare-sa\\\/\",\"https:\\\/\\\/www.youtube.com\\\/channel\\\/UC8ykD-d6gZracNzRLJ91vhw\"]}]}<\/script>\n<!-- \/ Yoast SEO plugin. -->","yoast_head_json":{"title":"Ank\u00fcndigung der Revision des Mietvertrags &#187; Fare","robots":{"index":"noindex","follow":"follow","max-snippet":"max-snippet:-1","max-image-preview":"max-image-preview:large","max-video-preview":"max-video-preview:-1"},"og_locale":"de_DE","og_type":"article","og_title":"Ank\u00fcndigung der Revision des Mietvertrags &#187; Fare","og_description":"[vc_row css=&#8220;.vc_custom_1722860984080{padding-bottom: 90px !important;}&#8220;][vc_column][vc_single_image image=&#8220;47967&#8243; img_size=&#8220;full&#8220;][vc_column_text]Sehr geehrte Mitglieder! Am 10. Juli 2024 verabschiedete die Abgeordnetenkammer den Gesetzentwurf Nr. 7642 zur \u00c4nderung von : 1. des ge\u00e4nderten Gesetzes vom 21. September 2006 \u00fcber den Mietvertrag zu Wohnzwecken; 2. Artikel 1714 des [&hellip;]","og_url":"https:\/\/fare.cuco.dev\/de\/announcement-of-rental-lease-revision\/","og_site_name":"Fare","article_publisher":"https:\/\/www.facebook.com\/FARE.realestate\/?eid=ARBianNQrjkuyE3lWZt04frYywAy-mljTznSn1yD_xhxCFrCFmVw9pjxPHGE1ZHcxRBkujBS12sRMkWS&amp%3bamp%3bamp%3bamp%3bamp%3bamp%3bamp%3bamp%3bamp%3bamp%3btimeline_context_item_type=intro_card_work&amp%3bamp%3bamp%3bamp%3bamp%3bamp%3bamp%3bamp%3bamp%3bamp%3btimeline_context_item_source=100006475746626&amp%3bamp%3bamp%3bamp%3bamp%3bamp%3bamp%3bamp%3bamp%3bamp%3bfref=tag","article_modified_time":"2024-08-06T11:48:33+00:00","twitter_card":"summary_large_image","twitter_site":"@FARERealEstate","twitter_misc":{"Gesch\u00e4tzte Lesezeit":"2\u00a0Minuten"},"schema":{"@context":"https:\/\/schema.org","@graph":[{"@type":"WebPage","@id":"https:\/\/fare.cuco.dev\/de\/announcement-of-rental-lease-revision\/","url":"https:\/\/fare.cuco.dev\/de\/announcement-of-rental-lease-revision\/","name":"Ank\u00fcndigung der Revision des Mietvertrags &#187; Fare","isPartOf":{"@id":"https:\/\/fare.cuco.dev\/de\/#website"},"datePublished":"2024-08-06T11:23:31+00:00","dateModified":"2024-08-06T11:48:33+00:00","breadcrumb":{"@id":"https:\/\/fare.cuco.dev\/de\/announcement-of-rental-lease-revision\/#breadcrumb"},"inLanguage":"de","potentialAction":[{"@type":"ReadAction","target":[["https:\/\/fare.cuco.dev\/de\/announcement-of-rental-lease-revision\/"]]}]},{"@type":"BreadcrumbList","@id":"https:\/\/fare.cuco.dev\/de\/announcement-of-rental-lease-revision\/#breadcrumb","itemListElement":[{"@type":"ListItem","position":1,"name":"Home","item":"https:\/\/fare.cuco.dev\/de\/"},{"@type":"ListItem","position":2,"name":"Announcement of rental lease revision"}]},{"@type":"WebSite","@id":"https:\/\/fare.cuco.dev\/de\/#website","url":"https:\/\/fare.cuco.dev\/de\/","name":"FARE - Your Real Estate Partner in Luxembourg \/ House for Sale\/Sell house \/Offices and Lands for sale or to let","description":"Ihr Immobilienpartner","publisher":{"@id":"https:\/\/fare.cuco.dev\/de\/#organization"},"potentialAction":[{"@type":"SearchAction","target":{"@type":"EntryPoint","urlTemplate":"https:\/\/fare.cuco.dev\/de\/?s={search_term_string}"},"query-input":{"@type":"PropertyValueSpecification","valueRequired":true,"valueName":"search_term_string"}}],"inLanguage":"de"},{"@type":"Organization","@id":"https:\/\/fare.cuco.dev\/de\/#organization","name":"FARE Real Estate Luxembourg","url":"https:\/\/fare.cuco.dev\/de\/","logo":{"@type":"ImageObject","inLanguage":"de","@id":"https:\/\/fare.cuco.dev\/de\/#\/schema\/logo\/image\/","url":"https:\/\/fare.cuco.dev\/wp-content\/uploads\/2020\/01\/FARE-Real-Estate-in-Luxembourg-House-for-sale-Sell-your-house-office-to-let-land-for-sale-Luxembourg-city-center-scaled.jpg","contentUrl":"https:\/\/fare.cuco.dev\/wp-content\/uploads\/2020\/01\/FARE-Real-Estate-in-Luxembourg-House-for-sale-Sell-your-house-office-to-let-land-for-sale-Luxembourg-city-center-scaled.jpg","width":2560,"height":2560,"caption":"FARE Real Estate Luxembourg"},"image":{"@id":"https:\/\/fare.cuco.dev\/de\/#\/schema\/logo\/image\/"},"sameAs":["https:\/\/www.facebook.com\/FARE.realestate\/?eid=ARBianNQrjkuyE3lWZt04frYywAy-mljTznSn1yD_xhxCFrCFmVw9pjxPHGE1ZHcxRBkujBS12sRMkWS&amp;amp;amp;amp;amp;amp;amp;amp;amp;amp;timeline_context_item_type=intro_card_work&amp;amp;amp;amp;amp;amp;amp;amp;amp;amp;timeline_context_item_source=100006475746626&amp;amp;amp;amp;amp;amp;amp;amp;amp;amp;fref=tag","https:\/\/x.com\/FARERealEstate","https:\/\/www.instagram.com\/fare.lu\/","https:\/\/www.linkedin.com\/company\/fare-sa\/","https:\/\/www.youtube.com\/channel\/UC8ykD-d6gZracNzRLJ91vhw"]}]}},"_links":{"self":[{"href":"https:\/\/fare.cuco.dev\/de\/wp-json\/wp\/v2\/pages\/47960","targetHints":{"allow":["GET"]}}],"collection":[{"href":"https:\/\/fare.cuco.dev\/de\/wp-json\/wp\/v2\/pages"}],"about":[{"href":"https:\/\/fare.cuco.dev\/de\/wp-json\/wp\/v2\/types\/page"}],"author":[{"embeddable":true,"href":"https:\/\/fare.cuco.dev\/de\/wp-json\/wp\/v2\/users\/18"}],"replies":[{"embeddable":true,"href":"https:\/\/fare.cuco.dev\/de\/wp-json\/wp\/v2\/comments?post=47960"}],"version-history":[{"count":17,"href":"https:\/\/fare.cuco.dev\/de\/wp-json\/wp\/v2\/pages\/47960\/revisions"}],"predecessor-version":[{"id":47978,"href":"https:\/\/fare.cuco.dev\/de\/wp-json\/wp\/v2\/pages\/47960\/revisions\/47978"}],"wp:attachment":[{"href":"https:\/\/fare.cuco.dev\/de\/wp-json\/wp\/v2\/media?parent=47960"}],"curies":[{"name":"wp","href":"https:\/\/api.w.org\/{rel}","templated":true}]}}