{"id":684,"date":"2018-03-06T10:01:20","date_gmt":"2018-03-06T10:01:20","guid":{"rendered":"http:\/\/eiddo.select-themes.com\/?page_id=684"},"modified":"2019-11-11T09:58:26","modified_gmt":"2019-11-11T08:58:26","slug":"services","status":"publish","type":"page","link":"https:\/\/fare.cuco.dev\/de\/services\/","title":{"rendered":"Dienstleistungen"},"content":{"rendered":"<div class=\"wpb-content-wrapper\"><p>[vc_row row_content_width=&#8220;grid&#8220; disable_background_image=&#8220;&#8220; content_text_aligment=&#8220;left&#8220; simple_background_image=&#8220;6628&#8243;][vc_column]<div class=\"qodef-elements-holder   qodef-one-column  qodef-responsive-mode-768 \" ><div class=\"qodef-eh-item    \"  data-item-class=\"qodef-eh-custom-1584\" data-1280-1600=\"129px 0\" data-1024-1280=\"129px 0\" data-768-1024=\"113px 7% 134px\" data-680-768=\"113px 0 134px\" data-680=\"113px 0 134px\">\n\t<div class=\"qodef-eh-item-inner\">\n\t\t<div class=\"qodef-eh-item-content qodef-eh-custom-1584\" style=\"padding: 129px 0\">\n\t\t\t<h2 class=\"qodef-custom-font-holder  qodef-cf-7316  \" style=\"font-size: 72px;line-height: 64px;text-align: left;color: #ffffff\" data-item-class=\"qodef-cf-7316\" data-font-size-680=\"57px\">\n\tDienstleistungen<\/h2>\t\t<\/div>\n\t<\/div>\n<\/div><\/div>[\/vc_column][\/vc_row][vc_row row_content_width=&#8220;grid&#8220; simple_background_color=&#8220;#ffffff&#8220; css=&#8220;.vc_custom_1544169144595{padding-top: 140px !important;padding-bottom: 133px !important;}&#8220; el_class=&#8220;services-listing&#8220;][vc_column][vc_row_inner][vc_column_inner width=&#8220;1\/4&#8243;][vc_single_image image=&#8220;560&#8243; img_size=&#8220;medium&#8220;][\/vc_column_inner][vc_column_inner width=&#8220;3\/4&#8243;][vc_column_text]<\/p>\n<h3><strong>Bewertung der Immobilie<\/strong><\/h3>\n<p>Vor jedem Verkauf ist eine genaue Sch\u00e4tzung des Wertes entscheidend. Wir kombinieren die neuesten Marktdaten f\u00fcr \u00e4hnliche Immobilien in angemessener geografischer N\u00e4he mit unserem Insiderwissen dar\u00fcber, was Kunden an anderer Stelle auf dem Markt anbieten. Der richtige Wert ber\u00fccksichtigt nicht nur die Marktkr\u00e4fte, sondern auch den Zeitrahmen, in dem ein Verk\u00e4ufer verkaufen m\u00f6chte, und die Psychologie dessen, was ein potenzieller K\u00e4ufer bereit ist zu zahlen.<\/p>\n<p>Auch das Verst\u00e4ndnis von Regulierung hat insbesondere im Hinblick auf die Energieeffizienz und den Energiepass an Bedeutung gewonnen. Wir unterst\u00fctzen Verk\u00e4ufer bei der Vorbereitung ihrer Immobilien und K\u00e4ufer bei der Sicherstellung, dass die Immobilien den geltenden Vorschriften entsprechen.[\/vc_column_text][\/vc_column_inner][\/vc_row_inner][vc_empty_space height=&#8220;60px&#8220;][vc_row_inner][vc_column_inner width=&#8220;3\/4&#8243;][vc_column_text]<\/p>\n<h3><strong>Verkauf einer Immobilie<\/strong><\/h3>\n<p>Ob Sie eine Wohnung, ein Haus, ein Gesch\u00e4ftshaus oder ein Grundst\u00fcck zum Bauen verkaufen, sie alle ben\u00f6tigen die Unterst\u00fctzung eines Fachmanns, der die aktuellen Marktbedingungen versteht.<\/p>\n<p>Bei Fare bieten wir an :<\/p>\n<ul>\n<li>Pers\u00f6nliche Beratung zu allen Aspekten des Verkaufsprozesses, einschlie\u00dflich der Sekund\u00e4rfragen, die durch einen Verkauf ausgel\u00f6st werden k\u00f6nnen.<\/li>\n<li>Eine Bewertung, der Sie vertrauen k\u00f6nnen und die fair ist!<\/li>\n<li>Expertenanalyse der Gesetze und Vorschriften f\u00fcr alle Teile des Verkaufsprozesses.<\/li>\n<li>Eine Partnerschaft, die Sie Schritt f\u00fcr Schritt durch den gesamten Prozess begleitet. Wir sind hier, um Ihnen die Sicherheit zu geben.<\/li>\n<\/ul>\n<p>[\/vc_column_text][\/vc_column_inner][vc_column_inner width=&#8220;1\/4&#8243;][vc_single_image image=&#8220;1506&#8243; img_size=&#8220;medium&#8220;][\/vc_column_inner][\/vc_row_inner][vc_empty_space height=&#8220;60px&#8220;][vc_row_inner][vc_column_inner width=&#8220;1\/4&#8243;][vc_single_image image=&#8220;556&#8243; img_size=&#8220;medium&#8220;][\/vc_column_inner][vc_column_inner width=&#8220;3\/4&#8243;][vc_column_text]<\/p>\n<h3><strong>Mietobjekte<\/strong><\/h3>\n<p>Sie suchen eine Immobilie in idealer Lage? H\u00e4user, Appartements, Studios, m\u00f6bliert oder unm\u00f6bliert. Z\u00f6gern Sie nicht, uns zu kontaktieren, um unseren umfangreichen Immobilienkatalog zu entdecken, oder wir k\u00f6nnen in Ihrem Namen nach der perfekten L\u00f6sung suchen.<\/p>\n<ul>\n<li>Wir haben eine gro\u00dfe Auswahl an Immobilien, die t\u00e4glich aktualisiert werden.<\/li>\n<li>Lassen Sie uns Ihren Bedarf analysieren, um Ihnen zu helfen, Ihre Kriterien im Rahmen des luxemburgischen Angebots zu verfeinern.<\/li>\n<\/ul>\n<p>[\/vc_column_text][\/vc_column_inner][\/vc_row_inner][\/vc_column][\/vc_row]<\/p>\n<\/div>","protected":false},"excerpt":{"rendered":"<p>[vc_row row_content_width=&#8220;grid&#8220; disable_background_image=&#8220;&#8220; content_text_aligment=&#8220;left&#8220; simple_background_image=&#8220;6628&#8243;][vc_column][\/vc_column][\/vc_row][vc_row row_content_width=&#8220;grid&#8220; simple_background_color=&#8220;#ffffff&#8220; css=&#8220;.vc_custom_1544169144595{padding-top: 140px !important;padding-bottom: 133px !important;}&#8220; el_class=&#8220;services-listing&#8220;][vc_column][vc_row_inner][vc_column_inner width=&#8220;1\/4&#8243;][vc_single_image image=&#8220;560&#8243; img_size=&#8220;medium&#8220;][\/vc_column_inner][vc_column_inner width=&#8220;3\/4&#8243;][vc_column_text] Bewertung der Immobilie Vor jedem Verkauf ist eine genaue Sch\u00e4tzung des Wertes entscheidend. Wir kombinieren die neuesten Marktdaten f\u00fcr \u00e4hnliche Immobilien in angemessener [&hellip;]<\/p>\n","protected":false},"author":18,"featured_media":0,"parent":0,"menu_order":0,"comment_status":"closed","ping_status":"closed","template":"full-width.php","meta":{"_acf_changed":false,"footnotes":""},"class_list":["post-684","page","type-page","status-publish","hentry"],"acf":[],"yoast_head":"<!-- This site is optimized with the Yoast SEO plugin v27.3 - https:\/\/yoast.com\/product\/yoast-seo-wordpress\/ -->\n<title>Dienstleistungen &#187; Fare<\/title>\n<meta name=\"robots\" content=\"noindex, follow, max-snippet:-1, max-image-preview:large, max-video-preview:-1\" \/>\n<meta property=\"og:locale\" content=\"de_DE\" \/>\n<meta property=\"og:type\" content=\"article\" \/>\n<meta property=\"og:title\" content=\"Dienstleistungen &#187; Fare\" \/>\n<meta property=\"og:description\" content=\"[vc_row row_content_width=&#8220;grid&#8220; disable_background_image=&#8220;&#8220; content_text_aligment=&#8220;left&#8220; simple_background_image=&#8220;6628&#8243;][vc_column][\/vc_column][\/vc_row][vc_row row_content_width=&#8220;grid&#8220; simple_background_color=&#8220;#ffffff&#8220; css=&#8220;.vc_custom_1544169144595{padding-top: 140px !important;padding-bottom: 133px !important;}&#8220; el_class=&#8220;services-listing&#8220;][vc_column][vc_row_inner][vc_column_inner width=&#8220;1\/4&#8243;][vc_single_image image=&#8220;560&#8243; img_size=&#8220;medium&#8220;][\/vc_column_inner][vc_column_inner width=&#8220;3\/4&#8243;][vc_column_text] Bewertung der Immobilie Vor jedem Verkauf ist eine genaue Sch\u00e4tzung des Wertes entscheidend. Wir kombinieren die neuesten Marktdaten f\u00fcr \u00e4hnliche Immobilien in angemessener [&hellip;]\" \/>\n<meta property=\"og:url\" content=\"https:\/\/fare.cuco.dev\/de\/services\/\" \/>\n<meta property=\"og:site_name\" content=\"Fare\" \/>\n<meta property=\"article:publisher\" content=\"https:\/\/www.facebook.com\/FARE.realestate\/?eid=ARBianNQrjkuyE3lWZt04frYywAy-mljTznSn1yD_xhxCFrCFmVw9pjxPHGE1ZHcxRBkujBS12sRMkWS&amp;amp%3bamp%3bamp%3bamp%3bamp%3bamp%3bamp%3bamp%3bamp%3bamp%3btimeline_context_item_type=intro_card_work&amp;amp%3bamp%3bamp%3bamp%3bamp%3bamp%3bamp%3bamp%3bamp%3bamp%3btimeline_context_item_source=100006475746626&amp;amp%3bamp%3bamp%3bamp%3bamp%3bamp%3bamp%3bamp%3bamp%3bamp%3bfref=tag\" \/>\n<meta property=\"article:modified_time\" content=\"2019-11-11T08:58:26+00:00\" \/>\n<meta name=\"twitter:card\" content=\"summary_large_image\" \/>\n<meta name=\"twitter:site\" content=\"@FARERealEstate\" \/>\n<meta name=\"twitter:label1\" content=\"Gesch\u00e4tzte Lesezeit\" \/>\n\t<meta name=\"twitter:data1\" content=\"8\u00a0Minuten\" \/>\n<script type=\"application\/ld+json\" class=\"yoast-schema-graph\">{\"@context\":\"https:\\\/\\\/schema.org\",\"@graph\":[{\"@type\":\"WebPage\",\"@id\":\"https:\\\/\\\/fare.cuco.dev\\\/de\\\/services\\\/\",\"url\":\"https:\\\/\\\/fare.cuco.dev\\\/de\\\/services\\\/\",\"name\":\"Dienstleistungen &#187; Fare\",\"isPartOf\":{\"@id\":\"https:\\\/\\\/fare.cuco.dev\\\/de\\\/#website\"},\"datePublished\":\"2018-03-06T10:01:20+00:00\",\"dateModified\":\"2019-11-11T08:58:26+00:00\",\"breadcrumb\":{\"@id\":\"https:\\\/\\\/fare.cuco.dev\\\/de\\\/services\\\/#breadcrumb\"},\"inLanguage\":\"de\",\"potentialAction\":[{\"@type\":\"ReadAction\",\"target\":[[\"https:\\\/\\\/fare.cuco.dev\\\/de\\\/services\\\/\"]]}]},{\"@type\":\"BreadcrumbList\",\"@id\":\"https:\\\/\\\/fare.cuco.dev\\\/de\\\/services\\\/#breadcrumb\",\"itemListElement\":[{\"@type\":\"ListItem\",\"position\":1,\"name\":\"Home\",\"item\":\"https:\\\/\\\/fare.cuco.dev\\\/de\\\/\"},{\"@type\":\"ListItem\",\"position\":2,\"name\":\"Services\"}]},{\"@type\":\"WebSite\",\"@id\":\"https:\\\/\\\/fare.cuco.dev\\\/de\\\/#website\",\"url\":\"https:\\\/\\\/fare.cuco.dev\\\/de\\\/\",\"name\":\"FARE - Your Real Estate Partner in Luxembourg \\\/ House for Sale\\\/Sell house \\\/Offices and Lands for sale or to let\",\"description\":\"Ihr Immobilienpartner\",\"publisher\":{\"@id\":\"https:\\\/\\\/fare.cuco.dev\\\/de\\\/#organization\"},\"potentialAction\":[{\"@type\":\"SearchAction\",\"target\":{\"@type\":\"EntryPoint\",\"urlTemplate\":\"https:\\\/\\\/fare.cuco.dev\\\/de\\\/?s={search_term_string}\"},\"query-input\":{\"@type\":\"PropertyValueSpecification\",\"valueRequired\":true,\"valueName\":\"search_term_string\"}}],\"inLanguage\":\"de\"},{\"@type\":\"Organization\",\"@id\":\"https:\\\/\\\/fare.cuco.dev\\\/de\\\/#organization\",\"name\":\"FARE Real Estate Luxembourg\",\"url\":\"https:\\\/\\\/fare.cuco.dev\\\/de\\\/\",\"logo\":{\"@type\":\"ImageObject\",\"inLanguage\":\"de\",\"@id\":\"https:\\\/\\\/fare.cuco.dev\\\/de\\\/#\\\/schema\\\/logo\\\/image\\\/\",\"url\":\"https:\\\/\\\/fare.cuco.dev\\\/wp-content\\\/uploads\\\/2020\\\/01\\\/FARE-Real-Estate-in-Luxembourg-House-for-sale-Sell-your-house-office-to-let-land-for-sale-Luxembourg-city-center-scaled.jpg\",\"contentUrl\":\"https:\\\/\\\/fare.cuco.dev\\\/wp-content\\\/uploads\\\/2020\\\/01\\\/FARE-Real-Estate-in-Luxembourg-House-for-sale-Sell-your-house-office-to-let-land-for-sale-Luxembourg-city-center-scaled.jpg\",\"width\":2560,\"height\":2560,\"caption\":\"FARE Real Estate Luxembourg\"},\"image\":{\"@id\":\"https:\\\/\\\/fare.cuco.dev\\\/de\\\/#\\\/schema\\\/logo\\\/image\\\/\"},\"sameAs\":[\"https:\\\/\\\/www.facebook.com\\\/FARE.realestate\\\/?eid=ARBianNQrjkuyE3lWZt04frYywAy-mljTznSn1yD_xhxCFrCFmVw9pjxPHGE1ZHcxRBkujBS12sRMkWS&amp;amp;amp;amp;amp;amp;amp;amp;amp;amp;timeline_context_item_type=intro_card_work&amp;amp;amp;amp;amp;amp;amp;amp;amp;amp;timeline_context_item_source=100006475746626&amp;amp;amp;amp;amp;amp;amp;amp;amp;amp;fref=tag\",\"https:\\\/\\\/x.com\\\/FARERealEstate\",\"https:\\\/\\\/www.instagram.com\\\/fare.lu\\\/\",\"https:\\\/\\\/www.linkedin.com\\\/company\\\/fare-sa\\\/\",\"https:\\\/\\\/www.youtube.com\\\/channel\\\/UC8ykD-d6gZracNzRLJ91vhw\"]}]}<\/script>\n<!-- \/ Yoast SEO plugin. -->","yoast_head_json":{"title":"Dienstleistungen &#187; Fare","robots":{"index":"noindex","follow":"follow","max-snippet":"max-snippet:-1","max-image-preview":"max-image-preview:large","max-video-preview":"max-video-preview:-1"},"og_locale":"de_DE","og_type":"article","og_title":"Dienstleistungen &#187; Fare","og_description":"[vc_row row_content_width=&#8220;grid&#8220; disable_background_image=&#8220;&#8220; content_text_aligment=&#8220;left&#8220; simple_background_image=&#8220;6628&#8243;][vc_column][\/vc_column][\/vc_row][vc_row row_content_width=&#8220;grid&#8220; simple_background_color=&#8220;#ffffff&#8220; css=&#8220;.vc_custom_1544169144595{padding-top: 140px !important;padding-bottom: 133px !important;}&#8220; el_class=&#8220;services-listing&#8220;][vc_column][vc_row_inner][vc_column_inner width=&#8220;1\/4&#8243;][vc_single_image image=&#8220;560&#8243; img_size=&#8220;medium&#8220;][\/vc_column_inner][vc_column_inner width=&#8220;3\/4&#8243;][vc_column_text] Bewertung der Immobilie Vor jedem Verkauf ist eine genaue Sch\u00e4tzung des Wertes entscheidend. Wir kombinieren die neuesten Marktdaten f\u00fcr \u00e4hnliche Immobilien in angemessener [&hellip;]","og_url":"https:\/\/fare.cuco.dev\/de\/services\/","og_site_name":"Fare","article_publisher":"https:\/\/www.facebook.com\/FARE.realestate\/?eid=ARBianNQrjkuyE3lWZt04frYywAy-mljTznSn1yD_xhxCFrCFmVw9pjxPHGE1ZHcxRBkujBS12sRMkWS&amp%3bamp%3bamp%3bamp%3bamp%3bamp%3bamp%3bamp%3bamp%3bamp%3btimeline_context_item_type=intro_card_work&amp%3bamp%3bamp%3bamp%3bamp%3bamp%3bamp%3bamp%3bamp%3bamp%3btimeline_context_item_source=100006475746626&amp%3bamp%3bamp%3bamp%3bamp%3bamp%3bamp%3bamp%3bamp%3bamp%3bfref=tag","article_modified_time":"2019-11-11T08:58:26+00:00","twitter_card":"summary_large_image","twitter_site":"@FARERealEstate","twitter_misc":{"Gesch\u00e4tzte Lesezeit":"8\u00a0Minuten"},"schema":{"@context":"https:\/\/schema.org","@graph":[{"@type":"WebPage","@id":"https:\/\/fare.cuco.dev\/de\/services\/","url":"https:\/\/fare.cuco.dev\/de\/services\/","name":"Dienstleistungen &#187; Fare","isPartOf":{"@id":"https:\/\/fare.cuco.dev\/de\/#website"},"datePublished":"2018-03-06T10:01:20+00:00","dateModified":"2019-11-11T08:58:26+00:00","breadcrumb":{"@id":"https:\/\/fare.cuco.dev\/de\/services\/#breadcrumb"},"inLanguage":"de","potentialAction":[{"@type":"ReadAction","target":[["https:\/\/fare.cuco.dev\/de\/services\/"]]}]},{"@type":"BreadcrumbList","@id":"https:\/\/fare.cuco.dev\/de\/services\/#breadcrumb","itemListElement":[{"@type":"ListItem","position":1,"name":"Home","item":"https:\/\/fare.cuco.dev\/de\/"},{"@type":"ListItem","position":2,"name":"Services"}]},{"@type":"WebSite","@id":"https:\/\/fare.cuco.dev\/de\/#website","url":"https:\/\/fare.cuco.dev\/de\/","name":"FARE - Your Real Estate Partner in Luxembourg \/ House for Sale\/Sell house \/Offices and Lands for sale or to let","description":"Ihr Immobilienpartner","publisher":{"@id":"https:\/\/fare.cuco.dev\/de\/#organization"},"potentialAction":[{"@type":"SearchAction","target":{"@type":"EntryPoint","urlTemplate":"https:\/\/fare.cuco.dev\/de\/?s={search_term_string}"},"query-input":{"@type":"PropertyValueSpecification","valueRequired":true,"valueName":"search_term_string"}}],"inLanguage":"de"},{"@type":"Organization","@id":"https:\/\/fare.cuco.dev\/de\/#organization","name":"FARE Real Estate Luxembourg","url":"https:\/\/fare.cuco.dev\/de\/","logo":{"@type":"ImageObject","inLanguage":"de","@id":"https:\/\/fare.cuco.dev\/de\/#\/schema\/logo\/image\/","url":"https:\/\/fare.cuco.dev\/wp-content\/uploads\/2020\/01\/FARE-Real-Estate-in-Luxembourg-House-for-sale-Sell-your-house-office-to-let-land-for-sale-Luxembourg-city-center-scaled.jpg","contentUrl":"https:\/\/fare.cuco.dev\/wp-content\/uploads\/2020\/01\/FARE-Real-Estate-in-Luxembourg-House-for-sale-Sell-your-house-office-to-let-land-for-sale-Luxembourg-city-center-scaled.jpg","width":2560,"height":2560,"caption":"FARE Real Estate Luxembourg"},"image":{"@id":"https:\/\/fare.cuco.dev\/de\/#\/schema\/logo\/image\/"},"sameAs":["https:\/\/www.facebook.com\/FARE.realestate\/?eid=ARBianNQrjkuyE3lWZt04frYywAy-mljTznSn1yD_xhxCFrCFmVw9pjxPHGE1ZHcxRBkujBS12sRMkWS&amp;amp;amp;amp;amp;amp;amp;amp;amp;amp;timeline_context_item_type=intro_card_work&amp;amp;amp;amp;amp;amp;amp;amp;amp;amp;timeline_context_item_source=100006475746626&amp;amp;amp;amp;amp;amp;amp;amp;amp;amp;fref=tag","https:\/\/x.com\/FARERealEstate","https:\/\/www.instagram.com\/fare.lu\/","https:\/\/www.linkedin.com\/company\/fare-sa\/","https:\/\/www.youtube.com\/channel\/UC8ykD-d6gZracNzRLJ91vhw"]}]}},"_links":{"self":[{"href":"https:\/\/fare.cuco.dev\/de\/wp-json\/wp\/v2\/pages\/684","targetHints":{"allow":["GET"]}}],"collection":[{"href":"https:\/\/fare.cuco.dev\/de\/wp-json\/wp\/v2\/pages"}],"about":[{"href":"https:\/\/fare.cuco.dev\/de\/wp-json\/wp\/v2\/types\/page"}],"author":[{"embeddable":true,"href":"https:\/\/fare.cuco.dev\/de\/wp-json\/wp\/v2\/users\/18"}],"replies":[{"embeddable":true,"href":"https:\/\/fare.cuco.dev\/de\/wp-json\/wp\/v2\/comments?post=684"}],"version-history":[{"count":28,"href":"https:\/\/fare.cuco.dev\/de\/wp-json\/wp\/v2\/pages\/684\/revisions"}],"predecessor-version":[{"id":16307,"href":"https:\/\/fare.cuco.dev\/de\/wp-json\/wp\/v2\/pages\/684\/revisions\/16307"}],"wp:attachment":[{"href":"https:\/\/fare.cuco.dev\/de\/wp-json\/wp\/v2\/media?parent=684"}],"curies":[{"name":"wp","href":"https:\/\/api.w.org\/{rel}","templated":true}]}}