{"id":7329,"date":"2019-02-07T15:50:29","date_gmt":"2019-02-07T14:50:29","guid":{"rendered":"https:\/\/www.fare.lu\/?page_id=7329"},"modified":"2024-04-26T10:25:00","modified_gmt":"2024-04-26T08:25:00","slug":"your-real-estate-partner-in-luxembourg","status":"publish","type":"page","link":"https:\/\/fare.cuco.dev\/de\/your-real-estate-partner-in-luxembourg\/","title":{"rendered":"\u00dcber uns"},"content":{"rendered":"<div class=\"wpb-content-wrapper\"><p>[vc_row row_content_width=&#8220;grid&#8220; disable_background_image=&#8220;&#8220; content_text_aligment=&#8220;left&#8220; simple_background_image=&#8220;6638&#8243;][vc_column]<div class=\"qodef-elements-holder   qodef-one-column  qodef-responsive-mode-768 \" ><div class=\"qodef-eh-item    \"  data-item-class=\"qodef-eh-custom-3568\" data-1280-1600=\"129px 0\" data-1024-1280=\"129px 0\" data-768-1024=\"113px 7% 134px\" data-680-768=\"113px 0 134px\" data-680=\"113px 0 134px\">\n\t<div class=\"qodef-eh-item-inner\">\n\t\t<div class=\"qodef-eh-item-content qodef-eh-custom-3568\" style=\"padding: 129px 0\">\n\t\t\t<h2 class=\"qodef-custom-font-holder  qodef-cf-9534  \" style=\"font-size: 72px;line-height: 64px;text-align: left;color: #ffffff\" data-item-class=\"qodef-cf-9534\" data-font-size-680=\"57px\">\n\t\u00dcber Uns<\/h2>\t\t<\/div>\n\t<\/div>\n<\/div><\/div>[\/vc_column][\/vc_row][vc_row row_content_width=&#8220;grid&#8220; simple_background_color=&#8220;#ffffff&#8220; css=&#8220;.vc_custom_1534243172728{padding-top: 70px !important;padding-bottom: 70px !important;}&#8220;][vc_column width=&#8220;1\/2&#8243; offset=&#8220;vc_col-lg-6 vc_col-md-12&#8243;]<div class=\"qodef-elements-holder   qodef-one-column  qodef-responsive-mode-768 \" ><div class=\"qodef-eh-item    \"  data-item-class=\"qodef-eh-custom-9436\">\n\t<div class=\"qodef-eh-item-inner\">\n\t\t<div class=\"qodef-eh-item-content qodef-eh-custom-9436\" style=\"padding: 0 0 0 0\">\n\t\t\t[vc_separator color=&#8220;custom&#8220; accent_color=&#8220;#f74538&#8243;][vc_single_image image=&#8220;20804&#8243; img_size=&#8220;medium&#8220;][vc_column_text]<\/p>\n<h2><strong>Thomas Fairfax-Jones<\/strong><\/h2>\n<h3>CEO<\/h3>\n<p>Seit 1997 im Immobilienbereich t\u00e4tig. In ganz Gro\u00dfherzogtum als professioneller Experte bekannt, der sich au\u00dferordentlich um seine Kunden k\u00fcmmert, sei es f\u00fcr eine einzelne Immobilie oder f\u00fcr eine gro\u00dfe Anlage. Kontaktieren Sie Thomas unter der E-mail Adresse: <a href=\"mailto:management@fare.lu\">management@fare.lu<\/a>[\/vc_column_text]\t\t<\/div>\n\t<\/div>\n<\/div><\/div>[\/vc_column][\/vc_row][vc_row disable_element=&#8220;yes&#8220; css=&#8220;.vc_custom_1544772805601{padding-right: 10px !important;padding-left: 10px !important;}&#8220; simple_background_color=&#8220;#ffffff&#8220;][vc_column]<div class=\"qodef-agency-agent-list qodef-tiny-space qodef-aal-five-columns\">\n\t<ul class=\"qodef-aal-inner qodef-outer-space\">\n\t\t\t\t\t<li class=\"qodef-aal-item qodef-item-space qodef-user-no-social\">\n\t\t<div class=\"qodef-aal-item-inner\">\n\t\t\t<div class=\"qodef-aal-image\">\n\t\t\t\t<img alt='' src='https:\/\/secure.gravatar.com\/avatar\/c5542f02c2f15ecf9d4683ba748a9946b5a36cdf9a1a8762f4173c5dd8fe2a20?s=600&#038;d=mm&#038;r=g' srcset='https:\/\/secure.gravatar.com\/avatar\/c5542f02c2f15ecf9d4683ba748a9946b5a36cdf9a1a8762f4173c5dd8fe2a20?s=1200&#038;d=mm&#038;r=g 2x' class='avatar avatar-600 photo' height='600' width='600' \/>\t\t\t<\/div>\n\t\t\t<div class=\"qodef-aal-item-content\">\n\t\t\t\t\t\t\t\t\t<a href=\"https:\/\/fare.cuco.dev\/de\/author\/test\/\" target=\"_self\">\n\t\t\t\t\t\t\t\t<h5 class=\"qodef-aal-item-title\">TEST<\/h5>\n\t\t\t\t\t\t\t\t\t<\/a>\n\t\t\t\t                <h6 class=\"qodef-aal-item-position\"><\/h6>\n\t\t\t\t\t\t\t<\/div>\n                            <a class=\"qodef-aal-user-link\" href=\"https:\/\/fare.cuco.dev\/de\/author\/test\/\" target=\"_self\"><\/a>\n            \t\t<\/div>\n\t<\/li>\n\t\n\t<\/ul>\n<\/div>[\/vc_column][\/vc_row][vc_row row_content_width=&#8220;grid&#8220; css=&#8220;.vc_custom_1660904694445{padding-top: 30px !important;padding-bottom: 30px !important;}&#8220;][vc_column][vc_column_text]<strong>Tarifs<\/strong><\/p>\n<p>Die f\u00fcr den Verkauf einer Immobilie zu zahlende Provision betr\u00e4gt bis zu 3%+17% TVA im Verkaufspreis enthalten :\u00a0 Die Provision f\u00fcr die Vermietung einer Immobilie betr\u00e4gt 1 Monat Miete+17% TVA<\/p>\n<p>TVA LU19712680 Matricule 20032205462-RCS: B92560 Autorisation D\u2019Etablissement 1005700\/A[\/vc_column_text][\/vc_column][\/vc_row]<\/p>\n<\/div>","protected":false},"excerpt":{"rendered":"<p>[vc_row row_content_width=&#8220;grid&#8220; disable_background_image=&#8220;&#8220; content_text_aligment=&#8220;left&#8220; simple_background_image=&#8220;6638&#8243;][vc_column][\/vc_column][\/vc_row][vc_row row_content_width=&#8220;grid&#8220; simple_background_color=&#8220;#ffffff&#8220; css=&#8220;.vc_custom_1534243172728{padding-top: 70px !important;padding-bottom: 70px !important;}&#8220;][vc_column width=&#8220;1\/2&#8243; offset=&#8220;vc_col-lg-6 vc_col-md-12&#8243;][\/vc_column][\/vc_row][vc_row disable_element=&#8220;yes&#8220; css=&#8220;.vc_custom_1544772805601{padding-right: 10px !important;padding-left: 10px !important;}&#8220; simple_background_color=&#8220;#ffffff&#8220;][vc_column][\/vc_column][\/vc_row][vc_row row_content_width=&#8220;grid&#8220; css=&#8220;.vc_custom_1660904694445{padding-top: 30px !important;padding-bottom: 30px !important;}&#8220;][vc_column][vc_column_text]Tarifs Die f\u00fcr den Verkauf einer Immobilie zu zahlende Provision betr\u00e4gt bis zu [&hellip;]<\/p>\n","protected":false},"author":18,"featured_media":0,"parent":0,"menu_order":0,"comment_status":"closed","ping_status":"closed","template":"full-width.php","meta":{"_acf_changed":false,"footnotes":""},"class_list":["post-7329","page","type-page","status-publish","hentry"],"acf":[],"yoast_head":"<!-- This site is optimized with the Yoast SEO plugin v27.3 - https:\/\/yoast.com\/product\/yoast-seo-wordpress\/ -->\n<title>\u00dcber uns &#187; Fare &#187; Exclusive &#187; Real Estate &#187; Luxembourg\u00dcber uns &#187; Fare &#187; Exclusive &#187; Real Estate &#187; Luxembourg<\/title>\n<meta name=\"description\" content=\"FARE has progressively grown and firmly established itself as a leading real estate agency in the residential and commercial sector of the Luxembourg property industry.\" \/>\n<meta name=\"robots\" content=\"noindex, follow, max-snippet:-1, max-image-preview:large, max-video-preview:-1\" \/>\n<meta property=\"og:locale\" content=\"de_DE\" \/>\n<meta property=\"og:type\" content=\"article\" \/>\n<meta property=\"og:title\" content=\"\u00dcber uns &#187; Fare &#187; Exclusive &#187; Real Estate &#187; Luxembourg\u00dcber uns &#187; Fare &#187; Exclusive &#187; Real Estate &#187; Luxembourg\" \/>\n<meta property=\"og:description\" content=\"FARE has progressively grown and firmly established itself as a leading real estate agency in the residential and commercial sector of the Luxembourg property industry.\" \/>\n<meta property=\"og:url\" content=\"https:\/\/fare.cuco.dev\/de\/your-real-estate-partner-in-luxembourg\/\" \/>\n<meta property=\"og:site_name\" content=\"Fare\" \/>\n<meta property=\"article:publisher\" content=\"https:\/\/www.facebook.com\/FARE.realestate\/?eid=ARBianNQrjkuyE3lWZt04frYywAy-mljTznSn1yD_xhxCFrCFmVw9pjxPHGE1ZHcxRBkujBS12sRMkWS&amp;amp%3bamp%3bamp%3bamp%3bamp%3bamp%3bamp%3bamp%3bamp%3bamp%3btimeline_context_item_type=intro_card_work&amp;amp%3bamp%3bamp%3bamp%3bamp%3bamp%3bamp%3bamp%3bamp%3bamp%3btimeline_context_item_source=100006475746626&amp;amp%3bamp%3bamp%3bamp%3bamp%3bamp%3bamp%3bamp%3bamp%3bamp%3bfref=tag\" \/>\n<meta property=\"article:modified_time\" content=\"2024-04-26T08:25:00+00:00\" \/>\n<meta name=\"twitter:card\" content=\"summary_large_image\" \/>\n<meta name=\"twitter:site\" content=\"@FARERealEstate\" \/>\n<meta name=\"twitter:label1\" content=\"Gesch\u00e4tzte Lesezeit\" \/>\n\t<meta name=\"twitter:data1\" content=\"1\u00a0Minute\" \/>\n<script type=\"application\/ld+json\" class=\"yoast-schema-graph\">{\"@context\":\"https:\\\/\\\/schema.org\",\"@graph\":[{\"@type\":\"WebPage\",\"@id\":\"https:\\\/\\\/fare.cuco.dev\\\/de\\\/your-real-estate-partner-in-luxembourg\\\/\",\"url\":\"https:\\\/\\\/fare.cuco.dev\\\/de\\\/your-real-estate-partner-in-luxembourg\\\/\",\"name\":\"\u00dcber uns &#187; Fare &#187; Exclusive &#187; Real Estate &#187; Luxembourg\u00dcber uns &#187; Fare &#187; Exclusive &#187; Real Estate &#187; Luxembourg\",\"isPartOf\":{\"@id\":\"https:\\\/\\\/fare.cuco.dev\\\/de\\\/#website\"},\"datePublished\":\"2019-02-07T14:50:29+00:00\",\"dateModified\":\"2024-04-26T08:25:00+00:00\",\"description\":\"FARE has progressively grown and firmly established itself as a leading real estate agency in the residential and commercial sector of the Luxembourg property industry.\",\"breadcrumb\":{\"@id\":\"https:\\\/\\\/fare.cuco.dev\\\/de\\\/your-real-estate-partner-in-luxembourg\\\/#breadcrumb\"},\"inLanguage\":\"de\",\"potentialAction\":[{\"@type\":\"ReadAction\",\"target\":[[\"https:\\\/\\\/fare.cuco.dev\\\/de\\\/your-real-estate-partner-in-luxembourg\\\/\"]]}]},{\"@type\":\"BreadcrumbList\",\"@id\":\"https:\\\/\\\/fare.cuco.dev\\\/de\\\/your-real-estate-partner-in-luxembourg\\\/#breadcrumb\",\"itemListElement\":[{\"@type\":\"ListItem\",\"position\":1,\"name\":\"Home\",\"item\":\"https:\\\/\\\/fare.cuco.dev\\\/de\\\/\"},{\"@type\":\"ListItem\",\"position\":2,\"name\":\"About Us\"}]},{\"@type\":\"WebSite\",\"@id\":\"https:\\\/\\\/fare.cuco.dev\\\/de\\\/#website\",\"url\":\"https:\\\/\\\/fare.cuco.dev\\\/de\\\/\",\"name\":\"FARE - Your Real Estate Partner in Luxembourg \\\/ House for Sale\\\/Sell house \\\/Offices and Lands for sale or to let\",\"description\":\"Ihr Immobilienpartner\",\"publisher\":{\"@id\":\"https:\\\/\\\/fare.cuco.dev\\\/de\\\/#organization\"},\"potentialAction\":[{\"@type\":\"SearchAction\",\"target\":{\"@type\":\"EntryPoint\",\"urlTemplate\":\"https:\\\/\\\/fare.cuco.dev\\\/de\\\/?s={search_term_string}\"},\"query-input\":{\"@type\":\"PropertyValueSpecification\",\"valueRequired\":true,\"valueName\":\"search_term_string\"}}],\"inLanguage\":\"de\"},{\"@type\":\"Organization\",\"@id\":\"https:\\\/\\\/fare.cuco.dev\\\/de\\\/#organization\",\"name\":\"FARE Real Estate Luxembourg\",\"url\":\"https:\\\/\\\/fare.cuco.dev\\\/de\\\/\",\"logo\":{\"@type\":\"ImageObject\",\"inLanguage\":\"de\",\"@id\":\"https:\\\/\\\/fare.cuco.dev\\\/de\\\/#\\\/schema\\\/logo\\\/image\\\/\",\"url\":\"https:\\\/\\\/fare.cuco.dev\\\/wp-content\\\/uploads\\\/2020\\\/01\\\/FARE-Real-Estate-in-Luxembourg-House-for-sale-Sell-your-house-office-to-let-land-for-sale-Luxembourg-city-center-scaled.jpg\",\"contentUrl\":\"https:\\\/\\\/fare.cuco.dev\\\/wp-content\\\/uploads\\\/2020\\\/01\\\/FARE-Real-Estate-in-Luxembourg-House-for-sale-Sell-your-house-office-to-let-land-for-sale-Luxembourg-city-center-scaled.jpg\",\"width\":2560,\"height\":2560,\"caption\":\"FARE Real Estate Luxembourg\"},\"image\":{\"@id\":\"https:\\\/\\\/fare.cuco.dev\\\/de\\\/#\\\/schema\\\/logo\\\/image\\\/\"},\"sameAs\":[\"https:\\\/\\\/www.facebook.com\\\/FARE.realestate\\\/?eid=ARBianNQrjkuyE3lWZt04frYywAy-mljTznSn1yD_xhxCFrCFmVw9pjxPHGE1ZHcxRBkujBS12sRMkWS&amp;amp;amp;amp;amp;amp;amp;amp;amp;amp;timeline_context_item_type=intro_card_work&amp;amp;amp;amp;amp;amp;amp;amp;amp;amp;timeline_context_item_source=100006475746626&amp;amp;amp;amp;amp;amp;amp;amp;amp;amp;fref=tag\",\"https:\\\/\\\/x.com\\\/FARERealEstate\",\"https:\\\/\\\/www.instagram.com\\\/fare.lu\\\/\",\"https:\\\/\\\/www.linkedin.com\\\/company\\\/fare-sa\\\/\",\"https:\\\/\\\/www.youtube.com\\\/channel\\\/UC8ykD-d6gZracNzRLJ91vhw\"]}]}<\/script>\n<!-- \/ Yoast SEO plugin. -->","yoast_head_json":{"title":"\u00dcber uns &#187; Fare &#187; Exclusive &#187; Real Estate &#187; Luxembourg\u00dcber uns &#187; Fare &#187; Exclusive &#187; Real Estate &#187; Luxembourg","description":"FARE has progressively grown and firmly established itself as a leading real estate agency in the residential and commercial sector of the Luxembourg property industry.","robots":{"index":"noindex","follow":"follow","max-snippet":"max-snippet:-1","max-image-preview":"max-image-preview:large","max-video-preview":"max-video-preview:-1"},"og_locale":"de_DE","og_type":"article","og_title":"\u00dcber uns &#187; Fare &#187; Exclusive &#187; Real Estate &#187; Luxembourg\u00dcber uns &#187; Fare &#187; Exclusive &#187; Real Estate &#187; Luxembourg","og_description":"FARE has progressively grown and firmly established itself as a leading real estate agency in the residential and commercial sector of the Luxembourg property industry.","og_url":"https:\/\/fare.cuco.dev\/de\/your-real-estate-partner-in-luxembourg\/","og_site_name":"Fare","article_publisher":"https:\/\/www.facebook.com\/FARE.realestate\/?eid=ARBianNQrjkuyE3lWZt04frYywAy-mljTznSn1yD_xhxCFrCFmVw9pjxPHGE1ZHcxRBkujBS12sRMkWS&amp%3bamp%3bamp%3bamp%3bamp%3bamp%3bamp%3bamp%3bamp%3bamp%3btimeline_context_item_type=intro_card_work&amp%3bamp%3bamp%3bamp%3bamp%3bamp%3bamp%3bamp%3bamp%3bamp%3btimeline_context_item_source=100006475746626&amp%3bamp%3bamp%3bamp%3bamp%3bamp%3bamp%3bamp%3bamp%3bamp%3bfref=tag","article_modified_time":"2024-04-26T08:25:00+00:00","twitter_card":"summary_large_image","twitter_site":"@FARERealEstate","twitter_misc":{"Gesch\u00e4tzte Lesezeit":"1\u00a0Minute"},"schema":{"@context":"https:\/\/schema.org","@graph":[{"@type":"WebPage","@id":"https:\/\/fare.cuco.dev\/de\/your-real-estate-partner-in-luxembourg\/","url":"https:\/\/fare.cuco.dev\/de\/your-real-estate-partner-in-luxembourg\/","name":"\u00dcber uns &#187; Fare &#187; Exclusive &#187; Real Estate &#187; Luxembourg\u00dcber uns &#187; Fare &#187; Exclusive &#187; Real Estate &#187; Luxembourg","isPartOf":{"@id":"https:\/\/fare.cuco.dev\/de\/#website"},"datePublished":"2019-02-07T14:50:29+00:00","dateModified":"2024-04-26T08:25:00+00:00","description":"FARE has progressively grown and firmly established itself as a leading real estate agency in the residential and commercial sector of the Luxembourg property industry.","breadcrumb":{"@id":"https:\/\/fare.cuco.dev\/de\/your-real-estate-partner-in-luxembourg\/#breadcrumb"},"inLanguage":"de","potentialAction":[{"@type":"ReadAction","target":[["https:\/\/fare.cuco.dev\/de\/your-real-estate-partner-in-luxembourg\/"]]}]},{"@type":"BreadcrumbList","@id":"https:\/\/fare.cuco.dev\/de\/your-real-estate-partner-in-luxembourg\/#breadcrumb","itemListElement":[{"@type":"ListItem","position":1,"name":"Home","item":"https:\/\/fare.cuco.dev\/de\/"},{"@type":"ListItem","position":2,"name":"About Us"}]},{"@type":"WebSite","@id":"https:\/\/fare.cuco.dev\/de\/#website","url":"https:\/\/fare.cuco.dev\/de\/","name":"FARE - Your Real Estate Partner in Luxembourg \/ House for Sale\/Sell house \/Offices and Lands for sale or to let","description":"Ihr Immobilienpartner","publisher":{"@id":"https:\/\/fare.cuco.dev\/de\/#organization"},"potentialAction":[{"@type":"SearchAction","target":{"@type":"EntryPoint","urlTemplate":"https:\/\/fare.cuco.dev\/de\/?s={search_term_string}"},"query-input":{"@type":"PropertyValueSpecification","valueRequired":true,"valueName":"search_term_string"}}],"inLanguage":"de"},{"@type":"Organization","@id":"https:\/\/fare.cuco.dev\/de\/#organization","name":"FARE Real Estate Luxembourg","url":"https:\/\/fare.cuco.dev\/de\/","logo":{"@type":"ImageObject","inLanguage":"de","@id":"https:\/\/fare.cuco.dev\/de\/#\/schema\/logo\/image\/","url":"https:\/\/fare.cuco.dev\/wp-content\/uploads\/2020\/01\/FARE-Real-Estate-in-Luxembourg-House-for-sale-Sell-your-house-office-to-let-land-for-sale-Luxembourg-city-center-scaled.jpg","contentUrl":"https:\/\/fare.cuco.dev\/wp-content\/uploads\/2020\/01\/FARE-Real-Estate-in-Luxembourg-House-for-sale-Sell-your-house-office-to-let-land-for-sale-Luxembourg-city-center-scaled.jpg","width":2560,"height":2560,"caption":"FARE Real Estate Luxembourg"},"image":{"@id":"https:\/\/fare.cuco.dev\/de\/#\/schema\/logo\/image\/"},"sameAs":["https:\/\/www.facebook.com\/FARE.realestate\/?eid=ARBianNQrjkuyE3lWZt04frYywAy-mljTznSn1yD_xhxCFrCFmVw9pjxPHGE1ZHcxRBkujBS12sRMkWS&amp;amp;amp;amp;amp;amp;amp;amp;amp;amp;timeline_context_item_type=intro_card_work&amp;amp;amp;amp;amp;amp;amp;amp;amp;amp;timeline_context_item_source=100006475746626&amp;amp;amp;amp;amp;amp;amp;amp;amp;amp;fref=tag","https:\/\/x.com\/FARERealEstate","https:\/\/www.instagram.com\/fare.lu\/","https:\/\/www.linkedin.com\/company\/fare-sa\/","https:\/\/www.youtube.com\/channel\/UC8ykD-d6gZracNzRLJ91vhw"]}]}},"_links":{"self":[{"href":"https:\/\/fare.cuco.dev\/de\/wp-json\/wp\/v2\/pages\/7329","targetHints":{"allow":["GET"]}}],"collection":[{"href":"https:\/\/fare.cuco.dev\/de\/wp-json\/wp\/v2\/pages"}],"about":[{"href":"https:\/\/fare.cuco.dev\/de\/wp-json\/wp\/v2\/types\/page"}],"author":[{"embeddable":true,"href":"https:\/\/fare.cuco.dev\/de\/wp-json\/wp\/v2\/users\/18"}],"replies":[{"embeddable":true,"href":"https:\/\/fare.cuco.dev\/de\/wp-json\/wp\/v2\/comments?post=7329"}],"version-history":[{"count":125,"href":"https:\/\/fare.cuco.dev\/de\/wp-json\/wp\/v2\/pages\/7329\/revisions"}],"predecessor-version":[{"id":46837,"href":"https:\/\/fare.cuco.dev\/de\/wp-json\/wp\/v2\/pages\/7329\/revisions\/46837"}],"wp:attachment":[{"href":"https:\/\/fare.cuco.dev\/de\/wp-json\/wp\/v2\/media?parent=7329"}],"curies":[{"name":"wp","href":"https:\/\/api.w.org\/{rel}","templated":true}]}}