{"id":684,"date":"2018-03-06T10:01:20","date_gmt":"2018-03-06T10:01:20","guid":{"rendered":"http:\/\/eiddo.select-themes.com\/?page_id=684"},"modified":"2019-11-11T09:58:26","modified_gmt":"2019-11-11T08:58:26","slug":"services","status":"publish","type":"page","link":"https:\/\/fare.cuco.dev\/fr\/services\/","title":{"rendered":"Services"},"content":{"rendered":"<div class=\"wpb-content-wrapper\"><p>[vc_row row_content_width=\u00a0\u00bbgrid\u00a0\u00bb disable_background_image=\u00a0\u00bb\u00a0\u00bb content_text_aligment=\u00a0\u00bbleft\u00a0\u00bb simple_background_image=\u00a0\u00bb6628&Prime;][vc_column]<div class=\"qodef-elements-holder   qodef-one-column  qodef-responsive-mode-768 \" ><div class=\"qodef-eh-item    \"  data-item-class=\"qodef-eh-custom-3293\" data-1280-1600=\"129px 0\" data-1024-1280=\"129px 0\" data-768-1024=\"113px 7% 134px\" data-680-768=\"113px 0 134px\" data-680=\"113px 0 134px\">\n\t<div class=\"qodef-eh-item-inner\">\n\t\t<div class=\"qodef-eh-item-content qodef-eh-custom-3293\" style=\"padding: 129px 0\">\n\t\t\t<h2 class=\"qodef-custom-font-holder  qodef-cf-5470  \" style=\"font-size: 72px;line-height: 64px;text-align: left;color: #ffffff\" data-item-class=\"qodef-cf-5470\" data-font-size-680=\"57px\">\n\tServices<\/h2>\t\t<\/div>\n\t<\/div>\n<\/div><\/div>[\/vc_column][\/vc_row][vc_row row_content_width=\u00a0\u00bbgrid\u00a0\u00bb simple_background_color=\u00a0\u00bb#ffffff\u00a0\u00bb css=\u00a0\u00bb.vc_custom_1544169144595{padding-top: 140px !important;padding-bottom: 133px !important;}\u00a0\u00bb el_class=\u00a0\u00bbservices-listing\u00a0\u00bb][vc_column][vc_row_inner][vc_column_inner width=\u00a0\u00bb1\/4&Prime;][vc_single_image image=\u00a0\u00bb560&Prime; img_size=\u00a0\u00bbmedium\u00a0\u00bb][\/vc_column_inner][vc_column_inner width=\u00a0\u00bb3\/4&Prime;][vc_column_text]<\/p>\n<h3><strong>\u00c9valuation des biens immobiliers<\/strong><\/h3>\n<p>Avant toute vente, une estimation pr\u00e9cise de sa valeur est essentielle. Nous combinons les derni\u00e8res donn\u00e9es du march\u00e9 pour des propri\u00e9t\u00e9s similaires dans une proximit\u00e9 g\u00e9ographique appropri\u00e9e avec notre connaissance approfondie de ce que les clients offrent ailleurs sur le march\u00e9. La valeur correcte tiendra compte non seulement des forces du march\u00e9, mais aussi du d\u00e9lai dans lequel un vendeur souhaite vendre et de la psychologie de ce qu&rsquo;un acheteur potentiel est pr\u00eat \u00e0 payer.<\/p>\n<p>La compr\u00e9hension de la r\u00e9glementation est \u00e9galement devenue de plus en plus importante, notamment en ce qui concerne l&rsquo;efficacit\u00e9 \u00e9nerg\u00e9tique et le passeport \u00e9nerg\u00e9tique. Nous aidons les vendeurs \u00e0 pr\u00e9parer leur propri\u00e9t\u00e9 et les acheteurs \u00e0 s&rsquo;assurer que les propri\u00e9t\u00e9s sont conformes \u00e0 la r\u00e9glementation en vigueur.[\/vc_column_text][\/vc_column_inner][\/vc_row_inner][vc_empty_space height=\u00a0\u00bb60px\u00a0\u00bb][vc_row_inner][vc_column_inner width=\u00a0\u00bb3\/4&Prime;][vc_column_text]<\/p>\n<h3><strong>Vente des biens immobiliers<\/strong><\/h3>\n<p>Que vous vendiez un appartement, une maison, un immeuble commercial ou un terrain \u00e0 b\u00e2tir, ils ont tous besoin du soutien d&rsquo;un professionnel qui comprend les conditions actuelles du march\u00e9.<\/p>\n<p>Chez Fare, nous offrons :<\/p>\n<ul>\n<li>Conseil personnalis\u00e9 sur toutes les \u00e9tapes du processus de vente, y compris les questions secondaires qui peuvent \u00eatre d\u00e9clench\u00e9es par une vente.<\/li>\n<li>Une \u00e9valuation \u00e0 laquelle vous pouvez faire confiance et qui est juste !<\/li>\n<li>Analyse experte des lois et r\u00e8glements r\u00e9gissant toutes les \u00e9tapes du processus de vente<\/li>\n<li>Un partenariat pour vous accompagner pas \u00e0 pas tout au long du processus. Nous sommes ici pour votre tranquillit\u00e9 d&rsquo;esprit.<\/li>\n<\/ul>\n<p>[\/vc_column_text][\/vc_column_inner][vc_column_inner width=\u00a0\u00bb1\/4&Prime;][vc_single_image image=\u00a0\u00bb1506&Prime; img_size=\u00a0\u00bbmedium\u00a0\u00bb][\/vc_column_inner][\/vc_row_inner][vc_empty_space height=\u00a0\u00bb60px\u00a0\u00bb][vc_row_inner][vc_column_inner width=\u00a0\u00bb1\/4&Prime;][vc_single_image image=\u00a0\u00bb556&Prime; img_size=\u00a0\u00bbmedium\u00a0\u00bb][\/vc_column_inner][vc_column_inner width=\u00a0\u00bb3\/4&Prime;][vc_column_text]<\/p>\n<h3><strong>Location des biens<\/strong><\/h3>\n<p>Vous cherchez \u00e0 louer une propri\u00e9t\u00e9 dans un endroit id\u00e9al ? Maisons, appartements, studios, meubl\u00e9s ou non. N&rsquo;h\u00e9sitez pas \u00e0 nous contacter pour d\u00e9couvrir notre vaste catalogue de propri\u00e9t\u00e9s ou nous pouvons rechercher pour vous la solution parfaite.<\/p>\n<p>Nous disposons d&rsquo;un large choix de biens immobiliers, mis \u00e0 jour quotidiennement.<br \/>\nPermettez-nous d&rsquo;analyser vos besoins pour vous aider \u00e0 affiner vos crit\u00e8res dans le contexte de ce que le Luxembourg a \u00e0 offrir.[\/vc_column_text][\/vc_column_inner][\/vc_row_inner][\/vc_column][\/vc_row]<\/p>\n<\/div>","protected":false},"excerpt":{"rendered":"<p>[vc_row row_content_width=\u00a0\u00bbgrid\u00a0\u00bb disable_background_image=\u00a0\u00bb\u00a0\u00bb content_text_aligment=\u00a0\u00bbleft\u00a0\u00bb simple_background_image=\u00a0\u00bb6628&Prime;][vc_column][\/vc_column][\/vc_row][vc_row row_content_width=\u00a0\u00bbgrid\u00a0\u00bb simple_background_color=\u00a0\u00bb#ffffff\u00a0\u00bb css=\u00a0\u00bb.vc_custom_1544169144595{padding-top: 140px !important;padding-bottom: 133px !important;}\u00a0\u00bb el_class=\u00a0\u00bbservices-listing\u00a0\u00bb][vc_column][vc_row_inner][vc_column_inner width=\u00a0\u00bb1\/4&Prime;][vc_single_image image=\u00a0\u00bb560&Prime; img_size=\u00a0\u00bbmedium\u00a0\u00bb][\/vc_column_inner][vc_column_inner width=\u00a0\u00bb3\/4&Prime;][vc_column_text] \u00c9valuation des biens immobiliers Avant toute vente, une estimation pr\u00e9cise de sa valeur est essentielle. Nous combinons les derni\u00e8res donn\u00e9es du march\u00e9 pour [&hellip;]<\/p>\n","protected":false},"author":18,"featured_media":0,"parent":0,"menu_order":0,"comment_status":"closed","ping_status":"closed","template":"full-width.php","meta":{"_acf_changed":false,"footnotes":""},"class_list":["post-684","page","type-page","status-publish","hentry"],"acf":[],"yoast_head":"<!-- This site is optimized with the Yoast SEO plugin v27.3 - https:\/\/yoast.com\/product\/yoast-seo-wordpress\/ -->\n<title>Services &#187; Fare<\/title>\n<meta name=\"robots\" content=\"noindex, follow, max-snippet:-1, max-image-preview:large, max-video-preview:-1\" \/>\n<meta property=\"og:locale\" content=\"fr_FR\" \/>\n<meta property=\"og:type\" content=\"article\" \/>\n<meta property=\"og:title\" content=\"Services &#187; Fare\" \/>\n<meta property=\"og:description\" content=\"[vc_row row_content_width=\u00a0\u00bbgrid\u00a0\u00bb disable_background_image=\u00a0\u00bb\u00a0\u00bb content_text_aligment=\u00a0\u00bbleft\u00a0\u00bb simple_background_image=\u00a0\u00bb6628&Prime;][vc_column][\/vc_column][\/vc_row][vc_row row_content_width=\u00a0\u00bbgrid\u00a0\u00bb simple_background_color=\u00a0\u00bb#ffffff\u00a0\u00bb css=\u00a0\u00bb.vc_custom_1544169144595{padding-top: 140px !important;padding-bottom: 133px !important;}\u00a0\u00bb el_class=\u00a0\u00bbservices-listing\u00a0\u00bb][vc_column][vc_row_inner][vc_column_inner width=\u00a0\u00bb1\/4&Prime;][vc_single_image image=\u00a0\u00bb560&Prime; img_size=\u00a0\u00bbmedium\u00a0\u00bb][\/vc_column_inner][vc_column_inner width=\u00a0\u00bb3\/4&Prime;][vc_column_text] \u00c9valuation des biens immobiliers Avant toute vente, une estimation pr\u00e9cise de sa valeur est essentielle. Nous combinons les derni\u00e8res donn\u00e9es du march\u00e9 pour [&hellip;]\" \/>\n<meta property=\"og:url\" content=\"https:\/\/fare.cuco.dev\/fr\/services\/\" \/>\n<meta property=\"og:site_name\" content=\"Fare\" \/>\n<meta property=\"article:publisher\" content=\"https:\/\/www.facebook.com\/FARE.realestate\/?eid=ARBianNQrjkuyE3lWZt04frYywAy-mljTznSn1yD_xhxCFrCFmVw9pjxPHGE1ZHcxRBkujBS12sRMkWS&amp;amp%3bamp%3bamp%3bamp%3bamp%3bamp%3bamp%3bamp%3bamp%3bamp%3btimeline_context_item_type=intro_card_work&amp;amp%3bamp%3bamp%3bamp%3bamp%3bamp%3bamp%3bamp%3bamp%3bamp%3btimeline_context_item_source=100006475746626&amp;amp%3bamp%3bamp%3bamp%3bamp%3bamp%3bamp%3bamp%3bamp%3bamp%3bfref=tag\" \/>\n<meta property=\"article:modified_time\" content=\"2019-11-11T08:58:26+00:00\" \/>\n<meta name=\"twitter:card\" content=\"summary_large_image\" \/>\n<meta name=\"twitter:site\" content=\"@FARERealEstate\" \/>\n<meta name=\"twitter:label1\" content=\"Dur\u00e9e de lecture estim\u00e9e\" \/>\n\t<meta name=\"twitter:data1\" content=\"8 minutes\" \/>\n<script type=\"application\/ld+json\" class=\"yoast-schema-graph\">{\"@context\":\"https:\\\/\\\/schema.org\",\"@graph\":[{\"@type\":\"WebPage\",\"@id\":\"https:\\\/\\\/fare.cuco.dev\\\/fr\\\/services\\\/\",\"url\":\"https:\\\/\\\/fare.cuco.dev\\\/fr\\\/services\\\/\",\"name\":\"Services &#187; Fare\",\"isPartOf\":{\"@id\":\"https:\\\/\\\/fare.cuco.dev\\\/fr\\\/#website\"},\"datePublished\":\"2018-03-06T10:01:20+00:00\",\"dateModified\":\"2019-11-11T08:58:26+00:00\",\"breadcrumb\":{\"@id\":\"https:\\\/\\\/fare.cuco.dev\\\/fr\\\/services\\\/#breadcrumb\"},\"inLanguage\":\"fr-FR\",\"potentialAction\":[{\"@type\":\"ReadAction\",\"target\":[[\"https:\\\/\\\/fare.cuco.dev\\\/fr\\\/services\\\/\"]]}]},{\"@type\":\"BreadcrumbList\",\"@id\":\"https:\\\/\\\/fare.cuco.dev\\\/fr\\\/services\\\/#breadcrumb\",\"itemListElement\":[{\"@type\":\"ListItem\",\"position\":1,\"name\":\"Home\",\"item\":\"https:\\\/\\\/fare.cuco.dev\\\/fr\\\/\"},{\"@type\":\"ListItem\",\"position\":2,\"name\":\"Services\"}]},{\"@type\":\"WebSite\",\"@id\":\"https:\\\/\\\/fare.cuco.dev\\\/fr\\\/#website\",\"url\":\"https:\\\/\\\/fare.cuco.dev\\\/fr\\\/\",\"name\":\"FARE - Your Real Estate Partner in Luxembourg \\\/ House for Sale\\\/Sell house \\\/Offices and Lands for sale or to let\",\"description\":\"Votre partenaire immobilier\",\"publisher\":{\"@id\":\"https:\\\/\\\/fare.cuco.dev\\\/fr\\\/#organization\"},\"potentialAction\":[{\"@type\":\"SearchAction\",\"target\":{\"@type\":\"EntryPoint\",\"urlTemplate\":\"https:\\\/\\\/fare.cuco.dev\\\/fr\\\/?s={search_term_string}\"},\"query-input\":{\"@type\":\"PropertyValueSpecification\",\"valueRequired\":true,\"valueName\":\"search_term_string\"}}],\"inLanguage\":\"fr-FR\"},{\"@type\":\"Organization\",\"@id\":\"https:\\\/\\\/fare.cuco.dev\\\/fr\\\/#organization\",\"name\":\"FARE Real Estate Luxembourg\",\"url\":\"https:\\\/\\\/fare.cuco.dev\\\/fr\\\/\",\"logo\":{\"@type\":\"ImageObject\",\"inLanguage\":\"fr-FR\",\"@id\":\"https:\\\/\\\/fare.cuco.dev\\\/fr\\\/#\\\/schema\\\/logo\\\/image\\\/\",\"url\":\"https:\\\/\\\/fare.cuco.dev\\\/wp-content\\\/uploads\\\/2020\\\/01\\\/FARE-Real-Estate-in-Luxembourg-House-for-sale-Sell-your-house-office-to-let-land-for-sale-Luxembourg-city-center-scaled.jpg\",\"contentUrl\":\"https:\\\/\\\/fare.cuco.dev\\\/wp-content\\\/uploads\\\/2020\\\/01\\\/FARE-Real-Estate-in-Luxembourg-House-for-sale-Sell-your-house-office-to-let-land-for-sale-Luxembourg-city-center-scaled.jpg\",\"width\":2560,\"height\":2560,\"caption\":\"FARE Real Estate Luxembourg\"},\"image\":{\"@id\":\"https:\\\/\\\/fare.cuco.dev\\\/fr\\\/#\\\/schema\\\/logo\\\/image\\\/\"},\"sameAs\":[\"https:\\\/\\\/www.facebook.com\\\/FARE.realestate\\\/?eid=ARBianNQrjkuyE3lWZt04frYywAy-mljTznSn1yD_xhxCFrCFmVw9pjxPHGE1ZHcxRBkujBS12sRMkWS&amp;amp;amp;amp;amp;amp;amp;amp;amp;amp;timeline_context_item_type=intro_card_work&amp;amp;amp;amp;amp;amp;amp;amp;amp;amp;timeline_context_item_source=100006475746626&amp;amp;amp;amp;amp;amp;amp;amp;amp;amp;fref=tag\",\"https:\\\/\\\/x.com\\\/FARERealEstate\",\"https:\\\/\\\/www.instagram.com\\\/fare.lu\\\/\",\"https:\\\/\\\/www.linkedin.com\\\/company\\\/fare-sa\\\/\",\"https:\\\/\\\/www.youtube.com\\\/channel\\\/UC8ykD-d6gZracNzRLJ91vhw\"]}]}<\/script>\n<!-- \/ Yoast SEO plugin. -->","yoast_head_json":{"title":"Services &#187; Fare","robots":{"index":"noindex","follow":"follow","max-snippet":"max-snippet:-1","max-image-preview":"max-image-preview:large","max-video-preview":"max-video-preview:-1"},"og_locale":"fr_FR","og_type":"article","og_title":"Services &#187; Fare","og_description":"[vc_row row_content_width=\u00a0\u00bbgrid\u00a0\u00bb disable_background_image=\u00a0\u00bb\u00a0\u00bb content_text_aligment=\u00a0\u00bbleft\u00a0\u00bb simple_background_image=\u00a0\u00bb6628&Prime;][vc_column][\/vc_column][\/vc_row][vc_row row_content_width=\u00a0\u00bbgrid\u00a0\u00bb simple_background_color=\u00a0\u00bb#ffffff\u00a0\u00bb css=\u00a0\u00bb.vc_custom_1544169144595{padding-top: 140px !important;padding-bottom: 133px !important;}\u00a0\u00bb el_class=\u00a0\u00bbservices-listing\u00a0\u00bb][vc_column][vc_row_inner][vc_column_inner width=\u00a0\u00bb1\/4&Prime;][vc_single_image image=\u00a0\u00bb560&Prime; img_size=\u00a0\u00bbmedium\u00a0\u00bb][\/vc_column_inner][vc_column_inner width=\u00a0\u00bb3\/4&Prime;][vc_column_text] \u00c9valuation des biens immobiliers Avant toute vente, une estimation pr\u00e9cise de sa valeur est essentielle. Nous combinons les derni\u00e8res donn\u00e9es du march\u00e9 pour [&hellip;]","og_url":"https:\/\/fare.cuco.dev\/fr\/services\/","og_site_name":"Fare","article_publisher":"https:\/\/www.facebook.com\/FARE.realestate\/?eid=ARBianNQrjkuyE3lWZt04frYywAy-mljTznSn1yD_xhxCFrCFmVw9pjxPHGE1ZHcxRBkujBS12sRMkWS&amp%3bamp%3bamp%3bamp%3bamp%3bamp%3bamp%3bamp%3bamp%3bamp%3btimeline_context_item_type=intro_card_work&amp%3bamp%3bamp%3bamp%3bamp%3bamp%3bamp%3bamp%3bamp%3bamp%3btimeline_context_item_source=100006475746626&amp%3bamp%3bamp%3bamp%3bamp%3bamp%3bamp%3bamp%3bamp%3bamp%3bfref=tag","article_modified_time":"2019-11-11T08:58:26+00:00","twitter_card":"summary_large_image","twitter_site":"@FARERealEstate","twitter_misc":{"Dur\u00e9e de lecture estim\u00e9e":"8 minutes"},"schema":{"@context":"https:\/\/schema.org","@graph":[{"@type":"WebPage","@id":"https:\/\/fare.cuco.dev\/fr\/services\/","url":"https:\/\/fare.cuco.dev\/fr\/services\/","name":"Services &#187; Fare","isPartOf":{"@id":"https:\/\/fare.cuco.dev\/fr\/#website"},"datePublished":"2018-03-06T10:01:20+00:00","dateModified":"2019-11-11T08:58:26+00:00","breadcrumb":{"@id":"https:\/\/fare.cuco.dev\/fr\/services\/#breadcrumb"},"inLanguage":"fr-FR","potentialAction":[{"@type":"ReadAction","target":[["https:\/\/fare.cuco.dev\/fr\/services\/"]]}]},{"@type":"BreadcrumbList","@id":"https:\/\/fare.cuco.dev\/fr\/services\/#breadcrumb","itemListElement":[{"@type":"ListItem","position":1,"name":"Home","item":"https:\/\/fare.cuco.dev\/fr\/"},{"@type":"ListItem","position":2,"name":"Services"}]},{"@type":"WebSite","@id":"https:\/\/fare.cuco.dev\/fr\/#website","url":"https:\/\/fare.cuco.dev\/fr\/","name":"FARE - Your Real Estate Partner in Luxembourg \/ House for Sale\/Sell house \/Offices and Lands for sale or to let","description":"Votre partenaire immobilier","publisher":{"@id":"https:\/\/fare.cuco.dev\/fr\/#organization"},"potentialAction":[{"@type":"SearchAction","target":{"@type":"EntryPoint","urlTemplate":"https:\/\/fare.cuco.dev\/fr\/?s={search_term_string}"},"query-input":{"@type":"PropertyValueSpecification","valueRequired":true,"valueName":"search_term_string"}}],"inLanguage":"fr-FR"},{"@type":"Organization","@id":"https:\/\/fare.cuco.dev\/fr\/#organization","name":"FARE Real Estate Luxembourg","url":"https:\/\/fare.cuco.dev\/fr\/","logo":{"@type":"ImageObject","inLanguage":"fr-FR","@id":"https:\/\/fare.cuco.dev\/fr\/#\/schema\/logo\/image\/","url":"https:\/\/fare.cuco.dev\/wp-content\/uploads\/2020\/01\/FARE-Real-Estate-in-Luxembourg-House-for-sale-Sell-your-house-office-to-let-land-for-sale-Luxembourg-city-center-scaled.jpg","contentUrl":"https:\/\/fare.cuco.dev\/wp-content\/uploads\/2020\/01\/FARE-Real-Estate-in-Luxembourg-House-for-sale-Sell-your-house-office-to-let-land-for-sale-Luxembourg-city-center-scaled.jpg","width":2560,"height":2560,"caption":"FARE Real Estate Luxembourg"},"image":{"@id":"https:\/\/fare.cuco.dev\/fr\/#\/schema\/logo\/image\/"},"sameAs":["https:\/\/www.facebook.com\/FARE.realestate\/?eid=ARBianNQrjkuyE3lWZt04frYywAy-mljTznSn1yD_xhxCFrCFmVw9pjxPHGE1ZHcxRBkujBS12sRMkWS&amp;amp;amp;amp;amp;amp;amp;amp;amp;amp;timeline_context_item_type=intro_card_work&amp;amp;amp;amp;amp;amp;amp;amp;amp;amp;timeline_context_item_source=100006475746626&amp;amp;amp;amp;amp;amp;amp;amp;amp;amp;fref=tag","https:\/\/x.com\/FARERealEstate","https:\/\/www.instagram.com\/fare.lu\/","https:\/\/www.linkedin.com\/company\/fare-sa\/","https:\/\/www.youtube.com\/channel\/UC8ykD-d6gZracNzRLJ91vhw"]}]}},"_links":{"self":[{"href":"https:\/\/fare.cuco.dev\/fr\/wp-json\/wp\/v2\/pages\/684","targetHints":{"allow":["GET"]}}],"collection":[{"href":"https:\/\/fare.cuco.dev\/fr\/wp-json\/wp\/v2\/pages"}],"about":[{"href":"https:\/\/fare.cuco.dev\/fr\/wp-json\/wp\/v2\/types\/page"}],"author":[{"embeddable":true,"href":"https:\/\/fare.cuco.dev\/fr\/wp-json\/wp\/v2\/users\/18"}],"replies":[{"embeddable":true,"href":"https:\/\/fare.cuco.dev\/fr\/wp-json\/wp\/v2\/comments?post=684"}],"version-history":[{"count":28,"href":"https:\/\/fare.cuco.dev\/fr\/wp-json\/wp\/v2\/pages\/684\/revisions"}],"predecessor-version":[{"id":16307,"href":"https:\/\/fare.cuco.dev\/fr\/wp-json\/wp\/v2\/pages\/684\/revisions\/16307"}],"wp:attachment":[{"href":"https:\/\/fare.cuco.dev\/fr\/wp-json\/wp\/v2\/media?parent=684"}],"curies":[{"name":"wp","href":"https:\/\/api.w.org\/{rel}","templated":true}]}}